{"id":9,"date":"2022-07-01T10:11:43","date_gmt":"2022-07-01T08:11:43","guid":{"rendered":"https:\/\/farbenfreude.freigeistdesign.com\/farbenfreude\/?page_id=9"},"modified":"2022-09-07T13:44:18","modified_gmt":"2022-09-07T11:44:18","slug":"intention","status":"publish","type":"page","link":"https:\/\/farbenfreude.freigeistdesign.com\/farbenfreude\/intention\/","title":{"rendered":"Intention"},"content":{"rendered":"<p><img decoding=\"async\" src=\"\/farbenfreude\/wp-content\/uploads\/2022\/07\/manuela_maidhof_hunde2.jpg\" alt=\"\"><\/p>\n<div>\n<h3> Was ich bewirken m\u00f6chte <\/h3>\n<p> Intention <\/p>\n<div>\n<p>Ich m\u00f6chte Dich mit meinen Bildern ber\u00fchren und Dir Freude bereiten. Sie sollen Dich wieder neugierig auf das Leben machen.<\/p>\n<p>Meine Werke sprechen direkt deine Seele an. So kommst du wieder in Kontakt mit deinem Inneren und sp\u00fcrst was Dir guttut und was Du vermisst.<\/p>\n<p>Du findest Antwort auf die Fragen: -Wer bin ich wirklich, jenseits von Erziehung und gesellschaftlichen Idealen und Normen? &#8211; F\u00fcr was schl\u00e4gt mein Herz? &#8211; Wie komme ich wieder in Verbindung mit mir, der Welt und dem G\u00f6ttlichen?<\/p>\n<p>Wage das Abenteuer, Deine Herzensw\u00fcnsche zu entdecken und Deine Visionen zu leben! Mache das Leben zu deinem Leben und gib ihm Sinn!<\/p>\n<p>Denn, um es mit den Worten von Reinhold Messner auszudr\u00fccken:<\/p>\n<blockquote>\n<p>Der Sinn f\u00e4llt nicht vom Himmel, er wird auch nicht von einer Religion gestiftet, sondern ich selbst stifte Sinn, in dem ich mir mein Tun wichtig mache.&#8220;<\/p>\n<\/blockquote>\n<\/div>\n<\/div>\n<h2>\n<p>R\u00fcckbindung &amp; Selbstliebe<\/p>\n<\/h2>\n<hr>\n<div>\n<p class=\"\">Du wirst dir deiner eigenen Sch\u00f6nheit und St\u00e4rke bewusst und erf\u00e4hrst R\u00fcckbindung an etwas \u201cG\u00f6ttliches\u201d, das Universum, \u2013 die Natur. Im\u00a0 Einklang, mit dir selbst und der Natur, kannst du Heilung erfahren und den Boden bereiten f\u00fcr die Verwirklichung deiner Tr\u00e4ume.<br \/>Schon Oscar Wilde fand:<\/p>\n<blockquote>\n<p class=\"sqsrte-large\">\u201cSich selbst zu lieben ist der Beginn einer lebenslangen Romanze\u201d<\/p>\n<\/blockquote>\n<\/div>\n<h2>\n<p>Selbstvertrauen<\/p>\n<\/h2>\n<hr>\n<div>\n<p class=\"\">Dir wird bewusst, dass Materialismus nicht zu Zufriedenheit f\u00fchrt und durch mangelndes Vertrauen in das Leben ensteht. Reichtum finden wir in erster Linie in unserem Inneren, nicht ausschie\u00dflich im \u00c4u\u00dferen.<\/p>\n<p class=\"\">Du findest wieder Vertrauen in das Leben und kannst die Kontrolle und das Festhalten an Lebensumst\u00e4nden aufgeben \u2013 um wachsen zu k\u00f6nnen.<\/p>\n<blockquote>\n<p class=\"sqsrte-large\"><em>\u201cEs kam der Tag, da das Risiko, in der Knospe zu verharren, schmerzlicher wurde, als zu erbl\u00fchen.\u201d (Anais Nin)<\/em><\/p>\n<\/blockquote>\n<\/div>\n<h2>\n<p>Zufriedenheit<\/p>\n<\/h2>\n<hr>\n<div>\n<p class=\"\">Au\u00dferdem ver\u00e4ndert sich durch die Anmut meiner Bilder die Ausstrahlung deines Zuhauses. Mehr Ruhe, Sch\u00f6nheit und Geborgenheit halten Einzug. Es wird zu deinem Platz, der Quelle von Inspiration und Geborgenheit.<\/p>\n<p class=\"\">Je zufriedener du bist, desto mehr Positves strahlst du aus und das macht auch die Menschen in deinem Umfeld zu gl\u00fccklicheren Menschen. So kann die Welt insgesamt zu einem harmonischeren Ort werden.<\/p>\n<blockquote>\n<p class=\"sqsrte-large\">Wenn du immer mehr deinen Zielen entgegenlebst und ganz bei dir selbst bleiben kannst , werden Spa\u00df, Freude und Leichtigkeit wieder Bestandteil deines Lebens.<\/p>\n<\/blockquote>\n<\/div>\n<p><!--more--><br \/>\n<!-- {\"type\":\"layout\",\"children\":[{\"type\":\"section\",\"props\":{\"style\":\"default\",\"width\":\"\",\"vertical_align\":\"middle\",\"title_position\":\"top-left\",\"title_rotation\":\"left\",\"title_breakpoint\":\"xl\",\"image_position\":\"center-center\",\"height\":\"full\",\"padding_remove_top\":true,\"image\":\"\",\"animation\":\"slide-left-medium\",\"animation_delay\":\"300\",\"width_expand\":\"left\",\"padding\":\"large\"},\"children\":[{\"type\":\"row\",\"props\":{\"layout\":\"1-2,1-2\",\"column_gap\":\"collapse\",\"row_gap\":\"collapse\",\"match\":false},\"children\":[{\"type\":\"column\",\"props\":{\"position_sticky_breakpoint\":\"m\",\"image_position\":\"center-center\",\"media_overlay_gradient\":\"\",\"width_medium\":\"1-2\",\"image\":\"\",\"image_size\":\"cover\"},\"children\":[{\"type\":\"image\",\"props\":{\"margin\":\"default\",\"image_svg_color\":\"emphasis\",\"image\":\"wp-content\\\/uploads\\\/2022\\\/07\\\/manuela_maidhof_hunde2.jpg\",\"image_height\":\"1000\",\"animation\":\"slide-left-medium\"}}]},{\"type\":\"column\",\"props\":{\"position_sticky_breakpoint\":\"m\",\"image_position\":\"center-center\",\"media_overlay_gradient\":\"\",\"width_medium\":\"1-2\",\"vertical_align\":\"middle\",\"style\":\"primary\"},\"children\":[{\"type\":\"panel\",\"props\":{\"link_text\":\"Read more\",\"title_hover_style\":\"reset\",\"title_element\":\"h3\",\"title_align\":\"top\",\"title_grid_width\":\"1-2\",\"title_grid_breakpoint\":\"m\",\"meta_style\":\"h5\",\"meta_align\":\"below-title\",\"meta_element\":\"div\",\"content_column_breakpoint\":\"m\",\"icon_width\":80,\"image_align\":\"top\",\"image_grid_width\":\"1-2\",\"image_grid_breakpoint\":\"m\",\"image_svg_color\":\"emphasis\",\"link_style\":\"default\",\"margin\":\"default\",\"title\":\" Was ich bewirken m\\u00f6chte \",\"meta\":\" Intention \",\"content\":\"\n\n<p>Ich m\\u00f6chte Dich mit meinen Bildern ber\\u00fchren und Dir Freude bereiten. Sie sollen Dich wieder neugierig auf das Leben machen.<\\\/p>\\n\n\n<p>Meine Werke sprechen direkt deine Seele an. So kommst du wieder in Kontakt mit deinem Inneren und sp\\u00fcrst was Dir guttut und was Du vermisst.<\\\/p>\\n\n\n<p>Du findest Antwort auf die Fragen: -Wer bin ich wirklich, jenseits von Erziehung und gesellschaftlichen Idealen und Normen? - F\\u00fcr was schl\\u00e4gt mein Herz? - Wie komme ich wieder in Verbindung mit mir, der Welt und dem G\\u00f6ttlichen?<\\\/p>\\n\n\n<p>Wage das Abenteuer, Deine Herzensw\\u00fcnsche zu entdecken und Deine Visionen zu leben! Mache das Leben zu deinem Leben und gib ihm Sinn!<\\\/p>\\n\n\n<p>Denn, um es mit den Worten von Reinhold Messner auszudr\\u00fccken:<\\\/p>\\n\n\n<blockquote>\\n\n\n<p>Der Sinn f\\u00e4llt nicht vom Himmel, er wird auch nicht von einer Religion gestiftet, sondern ich selbst stifte Sinn, in dem ich mir mein Tun wichtig mache.\\\"<\\\/p>\\n<\\\/blockquote>\",\"panel_style\":\"tile-primary\",\"panel_padding\":\"default\",\"title_margin\":\"remove\",\"margin_remove_top\":false,\"margin_remove_bottom\":false},\"name\":\"panel bild links inhalt rechts\"}]}]}],\"name\":\"Bild links, Text rechts\"},{\"type\":\"section\",\"props\":{\"style\":\"default\",\"width\":\"default\",\"vertical_align\":\"middle\",\"title_position\":\"top-left\",\"title_rotation\":\"left\",\"title_breakpoint\":\"xl\",\"image_position\":\"center-center\",\"image\":\"wp-content\\\/uploads\\\/photo-1570714589783-f2ff3298b674-scaled.jpg\",\"image_size\":\"cover\",\"image_effect\":\"parallax\",\"image_parallax_bgy_start\":\"270\",\"image_parallax_bgy_end\":\"30\",\"padding_remove_bottom\":false,\"padding\":\"xlarge\"},\"children\":[{\"type\":\"row\",\"children\":[{\"type\":\"column\",\"props\":{\"position_sticky_breakpoint\":\"m\",\"image_position\":\"center-center\",\"media_overlay_gradient\":\"\"},\"children\":[]}]}]},{\"type\":\"section\",\"props\":{\"style\":\"default\",\"width\":\"default\",\"vertical_align\":\"middle\",\"title_position\":\"top-left\",\"title_rotation\":\"left\",\"title_breakpoint\":\"xl\",\"image_position\":\"center-center\",\"padding\":\"large\",\"animation\":\"slide-bottom-medium\",\"animation_delay\":\"300\"},\"children\":[{\"type\":\"row\",\"children\":[{\"type\":\"column\",\"props\":{\"position_sticky_breakpoint\":\"m\",\"image_position\":\"center-center\",\"media_overlay_gradient\":\"\"},\"children\":[{\"type\":\"headline\",\"props\":{\"title_element\":\"h2\",\"title_style\":\"h2\",\"content\":\"\n\n<p>R\\u00fcckbindung &amp; Selbstliebe<\\\/p>\",\"animation\":\"slide-bottom-medium\",\"parallax_x_start\":\"-80\",\"parallax_easing\":\"-0.3\",\"parallax_x_end\":\"0\"}},{\"type\":\"divider\",\"props\":{\"divider_element\":\"hr\",\"divider_style\":\"small\",\"divider_align\":\"left\",\"position_left\":\"-40\",\"animation\":\"slide-bottom-medium\"}},{\"type\":\"text\",\"props\":{\"margin\":\"default\",\"column_breakpoint\":\"m\",\"content\":\"\n\n<p class=\\\"\\\">Du wirst dir deiner eigenen Sch\\u00f6nheit und St\\u00e4rke bewusst und erf\\u00e4hrst R\\u00fcckbindung an etwas \\u201cG\\u00f6ttliches\\u201d, das Universum, \\u2013 die Natur. Im\\u00a0 Einklang, mit dir selbst und der Natur, kannst du Heilung erfahren und den Boden bereiten f\\u00fcr die Verwirklichung deiner Tr\\u00e4ume.<br \\\/>Schon Oscar Wilde fand:<\\\/p>\\n\n\n<blockquote>\\n\n\n<p class=\\\"sqsrte-large\\\">\\u201cSich selbst zu lieben ist der Beginn einer lebenslangen Romanze\\u201d<\\\/p>\\n<\\\/blockquote>\",\"animation\":\"slide-bottom-medium\",\"parallax_x_start\":\"40\",\"parallax_easing\":\"-0.8\",\"parallax_x_end\":\"-10\"}}]}]}]},{\"type\":\"section\",\"props\":{\"style\":\"default\",\"width\":\"default\",\"vertical_align\":\"middle\",\"title_position\":\"top-left\",\"title_rotation\":\"left\",\"title_breakpoint\":\"xl\",\"image_position\":\"center-center\",\"image\":\"wp-content\\\/uploads\\\/photo-1434941837317-6b4af8fb81d8-scaled.jpg\",\"image_size\":\"cover\",\"image_effect\":\"parallax\",\"image_parallax_bgy_start\":\"270\",\"image_parallax_bgy_end\":\"30\",\"padding\":\"xlarge\"},\"children\":[{\"type\":\"row\",\"children\":[{\"type\":\"column\",\"props\":{\"position_sticky_breakpoint\":\"m\",\"image_position\":\"center-center\",\"media_overlay_gradient\":\"\"},\"children\":[]}]}]},{\"type\":\"section\",\"props\":{\"style\":\"default\",\"width\":\"default\",\"vertical_align\":\"middle\",\"title_position\":\"top-left\",\"title_rotation\":\"left\",\"title_breakpoint\":\"xl\",\"image_position\":\"center-center\",\"padding\":\"large\",\"animation\":\"slide-bottom-medium\",\"animation_delay\":\"300\"},\"children\":[{\"type\":\"row\",\"children\":[{\"type\":\"column\",\"props\":{\"position_sticky_breakpoint\":\"m\",\"image_position\":\"center-center\",\"media_overlay_gradient\":\"\"},\"children\":[{\"type\":\"headline\",\"props\":{\"title_element\":\"h2\",\"title_style\":\"h1\",\"content\":\"\n\n<p>Selbstvertrauen<\\\/p>\",\"animation\":\"slide-bottom-medium\"}},{\"type\":\"divider\",\"props\":{\"divider_element\":\"hr\",\"divider_style\":\"small\",\"divider_align\":\"left\",\"position_left\":\"-40\",\"animation\":\"slide-bottom-medium\"}},{\"type\":\"text\",\"props\":{\"margin\":\"default\",\"column_breakpoint\":\"m\",\"content\":\"\n\n<p class=\\\"\\\">Dir wird bewusst, dass Materialismus nicht zu Zufriedenheit f\\u00fchrt und durch mangelndes Vertrauen in das Leben ensteht. Reichtum finden wir in erster Linie in unserem Inneren, nicht ausschie\\u00dflich im \\u00c4u\\u00dferen.<\\\/p>\\n\n\n<p class=\\\"\\\">Du findest wieder Vertrauen in das Leben und kannst die Kontrolle und das Festhalten an Lebensumst\\u00e4nden aufgeben \\u2013 um wachsen zu k\\u00f6nnen.<\\\/p>\\n\n\n<blockquote>\\n\n\n<p class=\\\"sqsrte-large\\\"><em>\\u201cEs kam der Tag, da das Risiko, in der Knospe zu verharren, schmerzlicher wurde, als zu erbl\\u00fchen.\\u201d (Anais Nin)<\\\/em><\\\/p>\\n<\\\/blockquote>\",\"animation\":\"slide-bottom-medium\"}}]}]}]},{\"type\":\"section\",\"props\":{\"style\":\"default\",\"width\":\"default\",\"vertical_align\":\"middle\",\"title_position\":\"top-left\",\"title_rotation\":\"left\",\"title_breakpoint\":\"xl\",\"image_position\":\"center-center\",\"image\":\"wp-content\\\/uploads\\\/photo-1444312645910-ffa973656eba-scaled.jpg\",\"image_size\":\"cover\",\"image_effect\":\"parallax\",\"image_parallax_bgy_start\":\"270\",\"image_parallax_bgy_end\":\"30\",\"padding\":\"xlarge\"},\"children\":[{\"type\":\"row\",\"children\":[{\"type\":\"column\",\"props\":{\"position_sticky_breakpoint\":\"m\",\"image_position\":\"center-center\",\"media_overlay_gradient\":\"\"},\"children\":[]}]}]},{\"type\":\"section\",\"props\":{\"style\":\"default\",\"width\":\"default\",\"vertical_align\":\"middle\",\"title_position\":\"top-left\",\"title_rotation\":\"left\",\"title_breakpoint\":\"xl\",\"image_position\":\"center-center\",\"padding\":\"large\",\"padding_remove_top\":false,\"animation\":\"slide-bottom-medium\",\"animation_delay\":\"300\"},\"children\":[{\"type\":\"row\",\"children\":[{\"type\":\"column\",\"props\":{\"position_sticky_breakpoint\":\"m\",\"image_position\":\"center-center\",\"media_overlay_gradient\":\"\"},\"children\":[{\"type\":\"headline\",\"props\":{\"title_element\":\"h2\",\"title_style\":\"h1\",\"content\":\"\n\n<p>Zufriedenheit<\\\/p>\",\"animation\":\"slide-bottom-medium\"}},{\"type\":\"divider\",\"props\":{\"divider_element\":\"hr\",\"divider_style\":\"small\",\"divider_align\":\"left\",\"position_left\":\"-40\",\"animation\":\"slide-bottom-medium\"}},{\"type\":\"text\",\"props\":{\"margin\":\"default\",\"column_breakpoint\":\"m\",\"content\":\"\n\n<p class=\\\"\\\">Au\\u00dferdem ver\\u00e4ndert sich durch die Anmut meiner Bilder die Ausstrahlung deines Zuhauses. Mehr Ruhe, Sch\\u00f6nheit und Geborgenheit halten Einzug. Es wird zu deinem Platz, der Quelle von Inspiration und Geborgenheit.<\\\/p>\\n\n\n<p class=\\\"\\\">Je zufriedener du bist, desto mehr Positves strahlst du aus und das macht auch die Menschen in deinem Umfeld zu gl\\u00fccklicheren Menschen. So kann die Welt insgesamt zu einem harmonischeren Ort werden.<\\\/p>\\n\n\n<blockquote>\\n\n\n<p class=\\\"sqsrte-large\\\">Wenn du immer mehr deinen Zielen entgegenlebst und ganz bei dir selbst bleiben kannst , werden Spa\\u00df, Freude und Leichtigkeit wieder Bestandteil deines Lebens.<\\\/p>\\n<\\\/blockquote>\",\"animation\":\"slide-bottom-medium\"}}]}]}]}],\"version\":\"2.7.22\"} --><\/p>\n","protected":false},"excerpt":{"rendered":"<p>Was ich bewirken m\u00f6chte Intention Ich m\u00f6chte Dich mit meinen Bildern ber\u00fchren und Dir Freude bereiten. Sie sollen Dich wieder neugierig auf das Leben machen. Meine Werke sprechen direkt deine [&hellip;]<\/p>\n","protected":false},"author":1,"featured_media":0,"parent":0,"menu_order":0,"comment_status":"closed","ping_status":"closed","template":"","meta":{"footnotes":""},"class_list":["post-9","page","type-page","status-publish","hentry"],"_links":{"self":[{"href":"https:\/\/farbenfreude.freigeistdesign.com\/farbenfreude\/wp-json\/wp\/v2\/pages\/9","targetHints":{"allow":["GET"]}}],"collection":[{"href":"https:\/\/farbenfreude.freigeistdesign.com\/farbenfreude\/wp-json\/wp\/v2\/pages"}],"about":[{"href":"https:\/\/farbenfreude.freigeistdesign.com\/farbenfreude\/wp-json\/wp\/v2\/types\/page"}],"author":[{"embeddable":true,"href":"https:\/\/farbenfreude.freigeistdesign.com\/farbenfreude\/wp-json\/wp\/v2\/users\/1"}],"replies":[{"embeddable":true,"href":"https:\/\/farbenfreude.freigeistdesign.com\/farbenfreude\/wp-json\/wp\/v2\/comments?post=9"}],"version-history":[{"count":64,"href":"https:\/\/farbenfreude.freigeistdesign.com\/farbenfreude\/wp-json\/wp\/v2\/pages\/9\/revisions"}],"predecessor-version":[{"id":1264,"href":"https:\/\/farbenfreude.freigeistdesign.com\/farbenfreude\/wp-json\/wp\/v2\/pages\/9\/revisions\/1264"}],"wp:attachment":[{"href":"https:\/\/farbenfreude.freigeistdesign.com\/farbenfreude\/wp-json\/wp\/v2\/media?parent=9"}],"curies":[{"name":"wp","href":"https:\/\/api.w.org\/{rel}","templated":true}]}}