{"id":8,"date":"2022-07-01T10:11:43","date_gmt":"2022-07-01T08:11:43","guid":{"rendered":"https:\/\/farbenfreude.freigeistdesign.com\/farbenfreude\/?page_id=8"},"modified":"2022-08-09T12:59:12","modified_gmt":"2022-08-09T10:59:12","slug":"start","status":"publish","type":"page","link":"https:\/\/farbenfreude.freigeistdesign.com\/farbenfreude\/","title":{"rendered":"Start"},"content":{"rendered":"<h2>Kunst f\u00fcr die Seele<br \/>\n<\/h2>\n<h1>FarbenFreude ist Kunst f\u00fcr Deine Seele<\/h1>\n<div>\n<p><i><b>Meine Bilder bringen Dich mit Deiner inneren Quelle, Deiner Seele, in Kontakt. So wirst Du Dir wieder Deiner eigenen Sch\u00f6nheit und St\u00e4rke bewusst.<\/b><\/i><\/p>\n<p>Du sp\u00fcrst Dich und Deine Bed\u00fcrfnisse deutlich und lebst in einer tiefen Verbundenheit mit der Natur. So kannst Du den Boden bereiten f\u00fcr die Verwirklichung deiner Tr\u00e4ume &#8211; und einen Beitrag leisten f\u00fcr die Gestaltung einer friedlicheren Welt.<\/p>\n<\/div>\n<p>\n    <a href=\"\/farbenfreude\/farbenfreude\/newsletter\/\">Newsletter abonnieren<\/a>\n<\/p>\n<h3>Aktuelles<\/h3>\n<h1>Blog<\/h1>\n<div>\n<\/div>\n<h3>Erkunden<\/h3>\n<div>\n<p>        <img decoding=\"async\" src=\"\/farbenfreude\/wp-content\/uploads\/2022\/07\/ueber_mich.jpg\" alt=\"\"><\/p>\n<h3>\u00dcber mich<\/h3>\n<p><a href=\"\/farbenfreude\/farbenfreude\/ein-interview-mit-mir\/\">Ansehen<\/a><\/p>\n<\/div>\n<div>\n<p>        <img decoding=\"async\" src=\"\/farbenfreude\/wp-content\/uploads\/2022\/07\/mein_bild_an_deiner_wand.jpg\" alt=\"\"><\/p>\n<h3>Gem\u00e4lde kaufen<\/h3>\n<p><a href=\"\/farbenfreude\/farbenfreude\/du-interessierst-dich-fuer-ein-kunstwerk\/\">Informationen<\/a><\/p>\n<\/div>\n<div>\n<p>        <img decoding=\"async\" src=\"\/farbenfreude\/wp-content\/uploads\/2022\/07\/Aktuelle_werke.jpg\" alt=\"\"><\/p>\n<h3>Galerie<\/h3>\n<p><a href=\"\/farbenfreude\/farbenfreude\/aktuelle-werke\/\">Entdecken<\/a><\/p>\n<\/div>\n<p><!--more--><br \/>\n<!-- {\"type\":\"layout\",\"children\":[{\"type\":\"section\",\"props\":{\"style\":\"default\",\"width\":\"\",\"vertical_align\":\"middle\",\"title_position\":\"top-left\",\"title_rotation\":\"left\",\"title_breakpoint\":\"xl\",\"image_position\":\"center-center\",\"height\":\"full\",\"width_expand\":\"left\",\"image\":\"wp-content\\\/uploads\\\/2022\\\/07\\\/bluetenzauber.jpg\",\"image_size\":\"cover\",\"image_effect\":\"parallax\",\"image_parallax_bgx_start\":\"0\",\"image_parallax_bgy_start\":\"240\",\"image_parallax_bgy_end\":\"120\",\"image_parallax_easing\":\"0.7\",\"header_transparent_noplaceholder\":false,\"class\":\"\"},\"children\":[{\"type\":\"row\",\"props\":{\"column_gap\":\"collapse\",\"row_gap\":\"collapse\"},\"children\":[{\"type\":\"column\",\"props\":{\"position_sticky_breakpoint\":\"m\",\"image_position\":\"center-center\",\"media_overlay_gradient\":\"\",\"width_medium\":\"\",\"image\":\"\",\"image_size\":\"cover\",\"image_height\":\"800\",\"vertical_align\":\"middle\"},\"children\":[{\"type\":\"headline\",\"props\":{\"title_element\":\"h2\",\"text_align\":\"center\",\"title_color\":\"secondary\",\"content\":\"Kunst f\\u00fcr die Seele\\n\",\"title_style\":\"heading-medium\",\"animation\":\"parallax\",\"parallax_y_end\":\"0\",\"parallax_opacity_end\":\"0\"},\"name\":\"Headline \\u00fcber Bild\"}]}]}]},{\"type\":\"section\",\"props\":{\"style\":\"default\",\"width\":\"default\",\"vertical_align\":\"middle\",\"title_position\":\"top-left\",\"title_rotation\":\"left\",\"title_breakpoint\":\"xl\",\"image_position\":\"center-center\",\"padding\":\"large\",\"animation\":\"slide-bottom-medium\",\"animation_delay\":\"300\"},\"children\":[{\"type\":\"row\",\"children\":[{\"type\":\"column\",\"props\":{\"position_sticky_breakpoint\":\"m\",\"image_position\":\"center-center\",\"media_overlay_gradient\":\"\",\"width_medium\":\"\",\"vertical_align\":\"middle\"},\"children\":[{\"type\":\"headline\",\"props\":{\"title_element\":\"h1\",\"text_align\":\"left\",\"block_align\":\"center\",\"content\":\"FarbenFreude ist Kunst f\\u00fcr Deine Seele\",\"animation\":\"slide-bottom-small\"}},{\"type\":\"text\",\"props\":{\"margin\":\"default\",\"column_breakpoint\":\"m\",\"text_align\":\"left\",\"block_align\":\"center\",\"content\":\"\n\n<p><i><b>Meine Bilder bringen Dich mit Deiner inneren Quelle, Deiner Seele, in Kontakt. So wirst Du Dir wieder Deiner eigenen Sch\\u00f6nheit und St\\u00e4rke bewusst.<\\\/b><\\\/i><\\\/p>\\n\n\n<p>Du sp\\u00fcrst Dich und Deine Bed\\u00fcrfnisse deutlich und lebst in einer tiefen Verbundenheit mit der Natur. So kannst Du den Boden bereiten f\\u00fcr die Verwirklichung deiner Tr\\u00e4ume - und einen Beitrag leisten f\\u00fcr die Gestaltung einer friedlicheren Welt.<\\\/p>\",\"animation\":\"slide-bottom-small\"}},{\"type\":\"button\",\"props\":{\"grid_column_gap\":\"small\",\"grid_row_gap\":\"small\",\"margin\":\"medium\",\"text_align\":\"left\"},\"children\":[{\"type\":\"button_item\",\"props\":{\"button_style\":\"primary\",\"icon_align\":\"left\",\"content\":\"Newsletter abonnieren\",\"link\":\"farbenfreude\\\/newsletter\\\/\"}}],\"name\":\"Newsletter-Button\"}]}]}]},{\"type\":\"section\",\"props\":{\"style\":\"default\",\"width\":\"default\",\"vertical_align\":\"middle\",\"title_position\":\"top-left\",\"title_rotation\":\"left\",\"title_breakpoint\":\"xl\",\"image_position\":\"center-center\",\"image\":\"wp-content\\\/uploads\\\/2022\\\/07\\\/stimmungsbild-2.jpg\",\"image_size\":\"cover\",\"image_effect\":\"parallax\",\"image_parallax_bgy_start\":\"120\",\"image_parallax_bgy_end\":\"400\",\"padding\":\"xlarge\",\"animation\":\"slide-bottom-medium\"},\"children\":[{\"type\":\"row\",\"children\":[{\"type\":\"column\",\"props\":{\"position_sticky_breakpoint\":\"m\",\"image_position\":\"center-center\",\"media_overlay_gradient\":\"\"},\"children\":[{\"type\":\"headline\",\"props\":{\"title_element\":\"h3\",\"text_align\":\"center\",\"title_color\":\"secondary\",\"content\":\"Aktuelles\",\"title_style\":\"heading-small\",\"animation\":\"slide-bottom-medium\",\"parallax_y_end\":\"0\",\"parallax_opacity_end\":\"0\"},\"name\":\"Headline \\u00fcber Bild\"}]}]}],\"name\":\"Scrollbares Bild als Hintergrund\"},{\"type\":\"section\",\"props\":{\"style\":\"default\",\"width\":\"default\",\"vertical_align\":\"middle\",\"title_position\":\"top-left\",\"title_rotation\":\"left\",\"title_breakpoint\":\"xl\",\"image_position\":\"center-center\",\"padding\":\"large\",\"animation\":\"slide-left-medium\",\"animation_delay\":\"350\"},\"children\":[{\"type\":\"row\",\"children\":[{\"type\":\"column\",\"props\":{\"position_sticky_breakpoint\":\"m\",\"image_position\":\"center-center\",\"media_overlay_gradient\":\"\"},\"children\":[{\"type\":\"headline\",\"props\":{\"title_element\":\"h1\",\"text_align\":\"left\",\"block_align\":\"center\",\"content\":\"Blog\",\"animation\":\"slide-bottom-small\"}}]}]},{\"type\":\"row\",\"children\":[{\"type\":\"column\",\"props\":{\"position_sticky_breakpoint\":\"m\",\"image_position\":\"center-center\",\"media_overlay_gradient\":\"\",\"width_medium\":\"\",\"vertical_align\":\"middle\"},\"children\":[{\"type\":\"grid\",\"props\":{\"show_title\":true,\"show_meta\":true,\"show_content\":true,\"show_image\":true,\"show_link\":true,\"grid_default\":\"1\",\"grid_medium\":\"2\",\"filter_style\":\"tab\",\"filter_all\":true,\"filter_position\":\"top\",\"filter_align\":\"left\",\"filter_grid_width\":\"auto\",\"filter_grid_breakpoint\":\"m\",\"title_hover_style\":\"reset\",\"title_element\":\"h3\",\"title_align\":\"top\",\"title_grid_width\":\"1-2\",\"title_grid_breakpoint\":\"m\",\"meta_style\":\"meta\",\"meta_align\":\"below-title\",\"meta_element\":\"div\",\"content_column_breakpoint\":\"m\",\"icon_width\":80,\"image_align\":\"top\",\"image_grid_width\":\"1-2\",\"image_grid_breakpoint\":\"m\",\"image_svg_color\":\"emphasis\",\"link_text\":\"Read more\",\"link_style\":\"default\",\"margin\":\"default\",\"item_animation\":true,\"grid_small\":\"2\",\"grid_divider\":true},\"children\":[{\"type\":\"grid_item\",\"props\":{\"link_text\":\"Weiterlesen\"},\"source\":{\"query\":{\"name\":\"posts.customPosts\",\"arguments\":{\"terms\":[4],\"category_operator\":\"IN\",\"post_tag_operator\":\"IN\",\"users\":[],\"users_operator\":\"IN\",\"offset\":0,\"limit\":2,\"order\":\"date\",\"order_direction\":\"DESC\"}},\"props\":{\"title\":{\"filters\":{\"search\":\"\"},\"name\":\"title\"},\"link\":{\"filters\":{\"search\":\"\"},\"name\":\"link\"},\"content\":{\"filters\":{\"search\":\"\"},\"arguments\":{\"show_excerpt\":true},\"name\":\"teaser\"},\"image\":{\"filters\":{\"search\":\"\"},\"name\":\"featuredImage.url\"}}}}]}]}]}]},{\"type\":\"section\",\"props\":{\"style\":\"default\",\"width\":\"default\",\"vertical_align\":\"middle\",\"title_position\":\"top-left\",\"title_rotation\":\"left\",\"title_breakpoint\":\"xl\",\"image_position\":\"center-center\",\"image\":\"wp-content\\\/uploads\\\/2022\\\/07\\\/zwischenfoto.jpg\",\"image_size\":\"cover\",\"image_effect\":\"parallax\",\"image_parallax_bgy_start\":\"120\",\"image_parallax_bgy_end\":\"400\",\"padding\":\"xlarge\",\"animation\":\"slide-bottom-medium\"},\"children\":[{\"type\":\"row\",\"children\":[{\"type\":\"column\",\"props\":{\"position_sticky_breakpoint\":\"m\",\"image_position\":\"center-center\",\"media_overlay_gradient\":\"\"},\"children\":[{\"type\":\"headline\",\"props\":{\"title_element\":\"h3\",\"text_align\":\"center\",\"title_color\":\"secondary\",\"content\":\"Erkunden\",\"title_style\":\"heading-small\",\"animation\":\"slide-bottom-medium\",\"parallax_y_end\":\"0\",\"parallax_opacity_end\":\"0\"},\"name\":\"Headline \\u00fcber Bild\"}]}]}],\"name\":\"Scrollbares Bild als Hintergrund\"},{\"type\":\"section\",\"props\":{\"style\":\"default\",\"width\":\"default\",\"vertical_align\":\"middle\",\"title_position\":\"top-left\",\"title_rotation\":\"left\",\"title_breakpoint\":\"xl\",\"image_position\":\"center-center\",\"animation\":\"slide-bottom-medium\",\"animation_delay\":\"300\",\"padding\":\"large\"},\"children\":[{\"type\":\"row\",\"children\":[{\"type\":\"column\",\"props\":{\"position_sticky_breakpoint\":\"m\",\"image_position\":\"center-center\",\"media_overlay_gradient\":\"\",\"width_medium\":\"1-3\"},\"children\":[{\"type\":\"overlay\",\"props\":{\"link_text\":\"Ansehen\",\"overlay_mode\":\"cover\",\"overlay_hover\":false,\"overlay_style\":\"overlay-default\",\"text_color\":\"light\",\"overlay_position\":\"center\",\"overlay_transition\":\"fade\",\"title_hover_style\":\"reset\",\"title_element\":\"h3\",\"meta_style\":\"meta\",\"meta_align\":\"below-title\",\"meta_element\":\"div\",\"link_style\":\"primary\",\"text_align\":\"center\",\"margin\":\"default\",\"image\":\"wp-content\\\/uploads\\\/2022\\\/07\\\/ueber_mich.jpg\",\"title\":\"\\u00dcber mich\",\"animation\":\"slide-bottom-medium\",\"link\":\"farbenfreude\\\/ein-interview-mit-mir\\\/\"}}]},{\"type\":\"column\",\"props\":{\"position_sticky_breakpoint\":\"m\",\"image_position\":\"center-center\",\"media_overlay_gradient\":\"\",\"width_medium\":\"1-3\"},\"children\":[{\"type\":\"overlay\",\"props\":{\"link_text\":\"Informationen\",\"overlay_mode\":\"cover\",\"overlay_hover\":false,\"overlay_style\":\"overlay-default\",\"text_color\":\"light\",\"overlay_position\":\"center\",\"overlay_transition\":\"fade\",\"title_hover_style\":\"reset\",\"title_element\":\"h3\",\"meta_style\":\"meta\",\"meta_align\":\"below-title\",\"meta_element\":\"div\",\"link_style\":\"primary\",\"text_align\":\"center\",\"margin\":\"default\",\"image\":\"wp-content\\\/uploads\\\/2022\\\/07\\\/mein_bild_an_deiner_wand.jpg\",\"title\":\"Gem\\u00e4lde kaufen\",\"animation\":\"slide-bottom-medium\",\"link\":\"farbenfreude\\\/du-interessierst-dich-fuer-ein-kunstwerk\\\/\"}}]},{\"type\":\"column\",\"props\":{\"position_sticky_breakpoint\":\"m\",\"image_position\":\"center-center\",\"media_overlay_gradient\":\"\",\"width_medium\":\"1-3\"},\"children\":[{\"type\":\"overlay\",\"props\":{\"link_text\":\"Entdecken\",\"overlay_mode\":\"cover\",\"overlay_hover\":false,\"overlay_style\":\"overlay-default\",\"text_color\":\"light\",\"overlay_position\":\"center\",\"overlay_transition\":\"fade\",\"title_hover_style\":\"reset\",\"title_element\":\"h3\",\"meta_style\":\"meta\",\"meta_align\":\"below-title\",\"meta_element\":\"div\",\"link_style\":\"primary\",\"text_align\":\"center\",\"margin\":\"default\",\"image\":\"wp-content\\\/uploads\\\/2022\\\/07\\\/Aktuelle_werke.jpg\",\"title\":\"Galerie\",\"animation\":\"slide-bottom-medium\",\"link\":\"farbenfreude\\\/aktuelle-werke\\\/\"}}]}],\"props\":{\"layout\":\"1-3,1-3,1-3\"}}]}],\"version\":\"2.7.22\"} --><\/p>\n","protected":false},"excerpt":{"rendered":"<p>Kunst f\u00fcr die Seele FarbenFreude ist Kunst f\u00fcr Deine Seele Meine Bilder bringen Dich mit Deiner inneren Quelle, Deiner Seele, in Kontakt. So wirst Du Dir wieder Deiner eigenen Sch\u00f6nheit [&hellip;]<\/p>\n","protected":false},"author":1,"featured_media":0,"parent":0,"menu_order":0,"comment_status":"closed","ping_status":"closed","template":"","meta":{"footnotes":""},"class_list":["post-8","page","type-page","status-publish","hentry"],"_links":{"self":[{"href":"https:\/\/farbenfreude.freigeistdesign.com\/farbenfreude\/wp-json\/wp\/v2\/pages\/8","targetHints":{"allow":["GET"]}}],"collection":[{"href":"https:\/\/farbenfreude.freigeistdesign.com\/farbenfreude\/wp-json\/wp\/v2\/pages"}],"about":[{"href":"https:\/\/farbenfreude.freigeistdesign.com\/farbenfreude\/wp-json\/wp\/v2\/types\/page"}],"author":[{"embeddable":true,"href":"https:\/\/farbenfreude.freigeistdesign.com\/farbenfreude\/wp-json\/wp\/v2\/users\/1"}],"replies":[{"embeddable":true,"href":"https:\/\/farbenfreude.freigeistdesign.com\/farbenfreude\/wp-json\/wp\/v2\/comments?post=8"}],"version-history":[{"count":90,"href":"https:\/\/farbenfreude.freigeistdesign.com\/farbenfreude\/wp-json\/wp\/v2\/pages\/8\/revisions"}],"predecessor-version":[{"id":1049,"href":"https:\/\/farbenfreude.freigeistdesign.com\/farbenfreude\/wp-json\/wp\/v2\/pages\/8\/revisions\/1049"}],"wp:attachment":[{"href":"https:\/\/farbenfreude.freigeistdesign.com\/farbenfreude\/wp-json\/wp\/v2\/media?parent=8"}],"curies":[{"name":"wp","href":"https:\/\/api.w.org\/{rel}","templated":true}]}}