{"id":51,"date":"2022-07-01T10:21:17","date_gmt":"2022-07-01T08:21:17","guid":{"rendered":"https:\/\/farbenfreude.freigeistdesign.com\/farbenfreude\/?page_id=51"},"modified":"2022-08-04T12:34:36","modified_gmt":"2022-08-04T10:34:36","slug":"kontakt","status":"publish","type":"page","link":"https:\/\/farbenfreude.freigeistdesign.com\/farbenfreude\/kontakt\/","title":{"rendered":"Kontakt"},"content":{"rendered":"<p><img decoding=\"async\" src=\"\/farbenfreude\/wp-content\/uploads\/2022\/08\/Kontakt.jpg\" alt=\"\"><\/p>\n<h1>Manuela Maidhof<\/h1>\n<h1>Vita \u00b7 Lebensstationen<\/h1>\n<div>\n<p>Lange Zeit f\u00fchlte sich mein Leben schwer und nicht richtig an. Ich stellte mich dem &#8222;normalen Weg\u201d: Abitur, Lehre als Landschaftsg\u00e4rtnerin und Magisterstudium der Sprachheilpdagogik.<\/p>\n<p>W\u00e4hrend der zwanzigj\u00e4hrigen T\u00e4tigkeit als Therapeutin begleitete mich immer das Gef\u00fchl, dass es mehr im Leben geben m\u00fcsste, als nur zu funktionieren. In all der Zeit habe ich gemalt und so sowohl Trost als auch Hoffnung gefunden.<\/p>\n<p>Es hat letzlich lange gedauert, bis ich den Mut hatte, alles scheinbar &#8222;Sichere und Normale&#8220; hinter mir zu lassen und meiner gro\u00dfen Leidenschaft, der Kreativit\u00e4t, gen\u00fcgend Raum zu geben. Jetzt wache ich morgens auf und freue mich auf den Tag. Mit Neu-gierde schaffe ich mein Werk. Ich kann die Farben sp\u00fcren und leuchten sehen und bin immer wieder \u00fcberrascht was sichtbar wird. Durch die Malerei hat Lebendigkeit und Freude in mein Leben Einzug gehalten.<\/p>\n<p>Ich w\u00fcnsche mir sehr meine Mitmenschen darin zu unterst\u00fctzen, ihrer Seele auch wieder Raum zu geben &#8211; Ihre eigene Gr\u00f6\u00dfe und Sch\u00f6nheit zu entdecken und ihre Herzensw\u00fcnsche zu leben. So kann vielleicht aus der Zufriedenheit des Einzelnen, mehr Friede f\u00fcr unsere Welt erwachsen.<\/p>\n<p>Denn ich denke, Pablo Picasso hatte recht als er sagte:<\/p>\n<blockquote>\n<p>\u201cDer Sinn des Lebens besteht darin, die eigenen Gaben zu finden und der Zweck des Lebens, sie zu verschenken.\u201d<\/p>\n<\/blockquote>\n<\/div>\n<div>\n<p>    <script type=\"text\/javascript\" src=\"https:\/\/form.jotform.com\/jsform\/222151880009348\"><\/script>\n<\/div>\n<p><!--more--><br \/>\n<!-- {\"type\":\"layout\",\"children\":[{\"type\":\"section\",\"props\":{\"style\":\"default\",\"width\":\"\",\"vertical_align\":\"middle\",\"title_position\":\"top-left\",\"title_rotation\":\"left\",\"title_breakpoint\":\"xl\",\"image_position\":\"center-center\",\"height\":\"full\",\"padding_remove_top\":true,\"image\":\"\",\"animation\":\"slide-left-medium\",\"animation_delay\":\"300\",\"width_expand\":\"left\"},\"children\":[{\"type\":\"row\",\"props\":{\"layout\":\"1-2,1-2\",\"column_gap\":\"collapse\",\"row_gap\":\"collapse\",\"match\":false},\"children\":[{\"type\":\"column\",\"props\":{\"position_sticky_breakpoint\":\"m\",\"image_position\":\"center-center\",\"media_overlay_gradient\":\"\",\"width_medium\":\"1-2\",\"image\":\"\",\"image_size\":\"cover\"},\"children\":[{\"type\":\"image\",\"props\":{\"margin\":\"default\",\"image_svg_color\":\"emphasis\",\"image\":\"wp-content\\\/uploads\\\/2022\\\/08\\\/Kontakt.jpg\"}}]},{\"type\":\"column\",\"props\":{\"position_sticky_breakpoint\":\"m\",\"image_position\":\"center-center\",\"media_overlay_gradient\":\"\",\"width_medium\":\"1-2\",\"vertical_align\":\"middle\",\"style\":\"primary\"},\"children\":[{\"type\":\"headline\",\"props\":{\"title_element\":\"h1\",\"content\":\"Manuela Maidhof\",\"animation\":\"slide-left-medium\"}},{\"type\":\"headline\",\"props\":{\"title_element\":\"h1\",\"content\":\"Vita \\u00b7 Lebensstationen\",\"title_style\":\"h5\",\"margin_remove_top\":false,\"animation\":\"slide-left-medium\",\"margin_remove_bottom\":false,\"margin\":\"small\"}},{\"type\":\"text\",\"props\":{\"margin\":\"default\",\"column_breakpoint\":\"m\",\"content\":\"\n\n<p>Lange Zeit f\\u00fchlte sich mein Leben schwer und nicht richtig an. Ich stellte mich dem \\\"normalen Weg\\u201d: Abitur, Lehre als Landschaftsg\\u00e4rtnerin und Magisterstudium der Sprachheilpdagogik.<\\\/p>\\n\n\n<p>W\\u00e4hrend der zwanzigj\\u00e4hrigen T\\u00e4tigkeit als Therapeutin begleitete mich immer das Gef\\u00fchl, dass es mehr im Leben geben m\\u00fcsste, als nur zu funktionieren. In all der Zeit habe ich gemalt und so sowohl Trost als auch Hoffnung gefunden.<\\\/p>\\n\n\n<p>Es hat letzlich lange gedauert, bis ich den Mut hatte, alles scheinbar \\\"Sichere und Normale\\\" hinter mir zu lassen und meiner gro\\u00dfen Leidenschaft, der Kreativit\\u00e4t, gen\\u00fcgend Raum zu geben. Jetzt wache ich morgens auf und freue mich auf den Tag. Mit Neu-gierde schaffe ich mein Werk. Ich kann die Farben sp\\u00fcren und leuchten sehen und bin immer wieder \\u00fcberrascht was sichtbar wird. Durch die Malerei hat Lebendigkeit und Freude in mein Leben Einzug gehalten.<\\\/p>\\n\n\n<p>Ich w\\u00fcnsche mir sehr meine Mitmenschen darin zu unterst\\u00fctzen, ihrer Seele auch wieder Raum zu geben - Ihre eigene Gr\\u00f6\\u00dfe und Sch\\u00f6nheit zu entdecken und ihre Herzensw\\u00fcnsche zu leben. So kann vielleicht aus der Zufriedenheit des Einzelnen, mehr Friede f\\u00fcr unsere Welt erwachsen.<\\\/p>\\n\n\n<p>Denn ich denke, Pablo Picasso hatte recht als er sagte:<\\\/p>\\n\n\n<blockquote>\\n\n\n<p>\\u201cDer Sinn des Lebens besteht darin, die eigenen Gaben zu finden und der Zweck des Lebens, sie zu verschenken.\\u201d<\\\/p>\\n<\\\/blockquote>\",\"animation\":\"slide-left-medium\",\"text_align\":\"left\"}}]}]}],\"name\":\"Bild links, Text rechts\"},{\"type\":\"section\",\"props\":{\"style\":\"default\",\"width\":\"default\",\"vertical_align\":\"middle\",\"title_position\":\"top-left\",\"title_rotation\":\"left\",\"title_breakpoint\":\"xl\",\"image_position\":\"center-center\",\"padding\":\"large\",\"padding_remove_top\":true},\"children\":[{\"type\":\"row\",\"children\":[{\"type\":\"column\",\"props\":{\"position_sticky_breakpoint\":\"m\",\"image_position\":\"center-center\",\"media_overlay_gradient\":\"\"},\"children\":[{\"type\":\"html\",\"props\":{\"content\":\"<script type=\\\"text\\\/javascript\\\" src=\\\"https:\\\/\\\/form.jotform.com\\\/jsform\\\/222151880009348\\\"><\\\/script>\"}}]}]}]}],\"version\":\"2.7.22\"} --><\/p>\n","protected":false},"excerpt":{"rendered":"<p>Manuela Maidhof Vita \u00b7 Lebensstationen Lange Zeit f\u00fchlte sich mein Leben schwer und nicht richtig an. Ich stellte mich dem &#8222;normalen Weg\u201d: Abitur, Lehre als Landschaftsg\u00e4rtnerin und Magisterstudium der Sprachheilpdagogik. [&hellip;]<\/p>\n","protected":false},"author":1,"featured_media":0,"parent":0,"menu_order":0,"comment_status":"closed","ping_status":"closed","template":"","meta":{"footnotes":""},"class_list":["post-51","page","type-page","status-publish","hentry"],"_links":{"self":[{"href":"https:\/\/farbenfreude.freigeistdesign.com\/farbenfreude\/wp-json\/wp\/v2\/pages\/51","targetHints":{"allow":["GET"]}}],"collection":[{"href":"https:\/\/farbenfreude.freigeistdesign.com\/farbenfreude\/wp-json\/wp\/v2\/pages"}],"about":[{"href":"https:\/\/farbenfreude.freigeistdesign.com\/farbenfreude\/wp-json\/wp\/v2\/types\/page"}],"author":[{"embeddable":true,"href":"https:\/\/farbenfreude.freigeistdesign.com\/farbenfreude\/wp-json\/wp\/v2\/users\/1"}],"replies":[{"embeddable":true,"href":"https:\/\/farbenfreude.freigeistdesign.com\/farbenfreude\/wp-json\/wp\/v2\/comments?post=51"}],"version-history":[{"count":13,"href":"https:\/\/farbenfreude.freigeistdesign.com\/farbenfreude\/wp-json\/wp\/v2\/pages\/51\/revisions"}],"predecessor-version":[{"id":900,"href":"https:\/\/farbenfreude.freigeistdesign.com\/farbenfreude\/wp-json\/wp\/v2\/pages\/51\/revisions\/900"}],"wp:attachment":[{"href":"https:\/\/farbenfreude.freigeistdesign.com\/farbenfreude\/wp-json\/wp\/v2\/media?parent=51"}],"curies":[{"name":"wp","href":"https:\/\/api.w.org\/{rel}","templated":true}]}}