{"id":44,"date":"2022-07-01T10:20:48","date_gmt":"2022-07-01T08:20:48","guid":{"rendered":"https:\/\/farbenfreude.freigeistdesign.com\/farbenfreude\/?page_id=44"},"modified":"2022-09-07T13:38:01","modified_gmt":"2022-09-07T11:38:01","slug":"intuitives-malen","status":"publish","type":"page","link":"https:\/\/farbenfreude.freigeistdesign.com\/farbenfreude\/intuitives-malen\/","title":{"rendered":"Intuitives Malen"},"content":{"rendered":"<h1>Intuitives Malen ist eine kreative Reise zu Dir selbst<\/h1>\n<div>\n<p><em><strong>LERNE DICH SELBST NEU KENNEN UND LIEBEN<\/strong><\/em><\/p>\n<p class=\"\">In diesem Kurs geht es nur um Dich. Was bewegt Dich, was macht Dich aus? Das Malen bringt Dich wieder in Verbindung mit Dir selbst, Deinem innersten Kern. Hier sp\u00fcrst Du, welche Farbe Dir gerade gut, welche Form und was sich zeigen m\u00f6chte.<\/p>\n<\/div>\n<div>\n<h3>Was ist Intuition und warum ist sie so wichtig?<\/h3>\n<div>\n<p>Der Ursprung des Wortes ist lateinisch und bedeutet das Erscheinen des Bildes im Spiegel, geistig erfassen, etwas genau betrachten, Eingebung. In der Welt in der wir leben spielt Intuition kaum noch eine Rolle.<\/p>\n<p>Im Vordergrund stehen der Intellekt und die wissenschaftliche Erkenntnis bzw. Beweisbarkeit. Alles was nicht bewiesen werden kann, kann nicht existieren. Wissenschaft, Forschung, Statistik, das ist alles sehr interessant und kann uns gute Dienste erweisen, aber leider ist es meist zu unserer einzigen Wahrheit geworden.<\/p>\n<p>John Dalton erkl\u00e4rte 1808, dass die Elemente aus nicht teilbaren sehr kleinen Teilchen bestehen, die er Atome nannte. Es hat nochmals knapp 100 Jahre gedauert, bis Joseph Thomson bewies, dass Atome sehr wohl teilbar sind.<\/p>\n<p>Was ich damit zeigen will: Es gibt vieles, was man nicht beweisen kann, aber es existiert trotzdem. Oft kann man es sp\u00fcren. Und auf diese Sp\u00fcren, zu vertrauen ist sehr wichtig um sich zu einem selbstbewussten Menschen zu entwickeln. Einem Menschen, der mit dem Kopf im Himmel und den F\u00fc\u00dfen am Boden ist&#8230; In der Mitte ist der Bauch, das Bauchgef\u00fchl, die Intuition.<\/p>\n<p>Wir denken sehr stark mit der linken Hemisph\u00e4re, analytisch, strukturiert. Die Intuition kommt mehr aus der rechten Gehimh\u00e4lfte; hier denken wir in Bildern, sehen mehr Gesamtzusammenh\u00e4nge, Musik und Humor wird hier verarbeitet.<\/p>\n<p>Wie kann ich mich wieder mit meiner Intuition verbinden und ihr vertrauen? Eine sehr weise Antwort, wenn ich mein Herz frage. Zusammenspiel von Herz und Verstand. Antwort der Intuition erscheint manchmal schwierig. Intuition wahrnehmen bedarf der \u00dcbung.<\/p>\n<p>Der Intellekt liebt das \u00dcberschaubare, Das Ego m\u00f6chte den Status Quo erhalten und deine Intuition m\u00f6chte, dass du dich sp\u00fcrst und lebendig bist. Sie ist Ausdruck der Seele, wenn man es esoterisch betrachten m\u00f6chte.<\/p>\n<blockquote>\n<p>Wenn es nicht aus dir selbst kommt, wo willst du es dann finden? (Zentia)<\/p>\n<\/blockquote>\n<\/div>\n<\/div>\n<h1>Ganz im Fluss mit dir selbst<\/h1>\n<div>\n<p>Wir malen gro\u00dfformatig mit Gouache, Farben die wunderbar leuchten und leicht flie\u00dfen. Ohne Bewertung, nur aus dir selbst heraus darf alles in die Sichtbarkeit kommen, was gesehen werden m\u00f6chte.<br \/>Du sp\u00fcrst, wie wunderbar es ist, bei dir selbst zu sein und deine Kreativit\u00e4t flie\u00dfen zu lassen. Du kannst dich entspannen und loslassen &#8211; wieder Kraft tanken, f\u00fcr den Alltag.<\/p>\n<p>Sieh dich gerne etwas in der Galerie am Ende dieser Seite um und entdecke die Vielf\u00e4ltigkeit von intuitiven Werken, bei denen stets der Prozess und nicht das Ergebnis im Vordergrund steht.<\/p>\n<p><em>Meine Kurse im intuitiven Malen finden aktuell nur in meinem Atelier statt. Wenn Du teilnehmen m\u00f6chtest, sende mir einfach eine Anfrage!<\/em><\/p>\n<\/div>\n<div>\n<h3>Erfahre, was Du bei Blockaden tun kannst:<\/h3>\n<div>\n<p>Was k\u00f6nnte ich tun, wenn ich die wei\u00dfe Stelle nicht ausmalen m\u00fcsste?<\/p>\n<p>Sp\u00fcrst Du etwas in Deinem K\u00f6rper und wo?<\/p>\n<p>Frage nochmals wiederholen. Was w\u00fcrde ich malen, wenn von irgendwo irgendetwas aut meinem Bild erscheinen w\u00fcrde?<\/p>\n<p>Was w\u00fcrde ich malen, wenn ich alles f\u00fchlen d\u00fcrfte und aushalten k\u00f6nnte?<\/p>\n<p>Was w\u00fcrde ich malen wenn ich mich nicht bewerten w\u00fcrde oder Angst h\u00e4tte von anderen bewertet zu werden?<\/p>\n<p>Was w\u00e4re, wenn ich wirklich alles malen d\u00fcrfte? Wenn ich keine Angst h\u00e4tte, mein Bild zu verderben? Wenn ich keine Angst h\u00e4tte, die Kontrolle zu verlieren? Wenn mein Bild keine Bedeutung haben m\u00fcsste?<\/p>\n<p>Was w\u00fcrde ich malen, wenn ich drei Jahre alt w\u00e4re?<\/p>\n<p>Was w\u00fcrde ich malen, wenn ich einfach nur Spa\u00df haben wollte?<\/p>\n<p>Was w\u00fcrde ich malen, wenn ich nicht verst\u00fcnde, was ich male?<\/p>\n<p>Eine Blockade tritt auf, wenn du glaubst etwas tun zu m\u00fcssen, w\u00e4hrend du in Wirklichkeit an etwas ganz anderem interessiert bist. Nicht mit dem Verstand in die Intuition einmischen. Vertraue unter allen Umst\u00e4nden deiner Intuition, sie zeigt dir, was gemalt werden m\u00f6chte. Denn Paul Kleeerkannte auch:<\/p>\n<blockquote>\n<p>&#8222;Kunst gibt nicht das Sichtbare wieder, sondern macht sichtbar.&#8220;<\/p>\n<\/blockquote>\n<\/div>\n<\/div>\n<ul>\n<li>\n        <a href=\"#galerie\">Zur Galerie<\/a>\n    <\/li>\n<li>\n        <a href=\"\/farbenfreude\/farbenfreude\/kontakt\/\">Anmelden<\/a>\n    <\/li>\n<\/ul>\n<h1>Galerie<\/h1>\n<div>\n<p>In dieser Galerie findest Du eine Auswahl an Werken, die ich im Rahmen des intuitven Malens geschaffen habe. Auch in meinen modernen Werken zeigen sich manchmal entsprechende Elemente. Der Unterschied ist jedoch, dass wir beim intuitiven Malen statt eines vorgegebenen oder geplanten Motives ausschlie\u00dflich jenes zu Papier bringen, das sich aus unserem Inneren in den Vordergrund dr\u00e4ngt. So erhalten wir die M\u00f6glichkeit, uns tiefergehend mit uns selbst auseinanderzusetzen und schwierige Themen aus unserem Leben gehen zu lassen.<\/p>\n<\/div>\n<ul>\n<li>\n<p>        <img decoding=\"async\" src=\"\/farbenfreude\/wp-content\/uploads\/2022\/07\/farbenfreude.4.jpg\" alt=\"\"><\/p>\n<h3>&#8222;Geist&#8220;<\/h3>\n<\/li>\n<li>\n<p>        <img decoding=\"async\" src=\"\/farbenfreude\/wp-content\/uploads\/2022\/07\/farbenfreude_2.jpg\" alt=\"\"><\/p>\n<h3>&#8222;Taucher&#8220;<\/h3>\n<\/li>\n<li>\n<p>        <img decoding=\"async\" src=\"\/farbenfreude\/wp-content\/uploads\/2022\/07\/farbenfreude-3.jpg\" alt=\"\"><\/p>\n<h3>&#8222;Gl\u00fcck&#8220;<\/h3>\n<\/li>\n<li>\n<p>        <img decoding=\"async\" src=\"\/farbenfreude\/wp-content\/uploads\/2022\/07\/farbenfreude6.jpg\" alt=\"\"><\/p>\n<h3>&#8222;Engel&#8220;<\/h3>\n<\/li>\n<li>\n<p>        <img decoding=\"async\" src=\"\/farbenfreude\/wp-content\/uploads\/2022\/07\/farbenfreude-9.jpg\" alt=\"\"><\/p>\n<h3>&#8222;Ver\u00e4nderung&#8220;<\/h3>\n<\/li>\n<li>\n<p>        <img decoding=\"async\" src=\"\/farbenfreude\/wp-content\/uploads\/2022\/07\/farbenfreude7.jpg\" alt=\"\"><\/p>\n<h3>&#8222;V\u00f6gel&#8220;<\/h3>\n<\/li>\n<li>\n<p>        <img decoding=\"async\" src=\"\/farbenfreude\/wp-content\/uploads\/2022\/07\/farbenfreude8.jpg\" alt=\"\"><\/p>\n<h3>&#8222;Verwandlung&#8220;<\/h3>\n<\/li>\n<li>\n<p>        <img decoding=\"async\" src=\"\/farbenfreude\/wp-content\/uploads\/2022\/07\/farbenfreude-5.jpg\" alt=\"\"><\/p>\n<h3>&#8222;Liebe&#8220;<\/h3>\n<\/li>\n<\/ul>\n<p><!--more--><br \/>\n<!-- {\"type\":\"layout\",\"children\":[{\"type\":\"section\",\"props\":{\"style\":\"default\",\"width\":\"\",\"vertical_align\":\"middle\",\"title_position\":\"top-left\",\"title_rotation\":\"left\",\"title_breakpoint\":\"xl\",\"image_position\":\"center-center\",\"height\":\"full\",\"width_expand\":\"left\",\"image\":\"wp-content\\\/uploads\\\/2022\\\/07\\\/engel.jpg\",\"image_size\":\"cover\",\"image_effect\":\"fixed\",\"image_parallax_bgx_start\":\"0\",\"image_parallax_bgy_start\":\"0\",\"image_parallax_bgy_end\":\"70\",\"image_parallax_easing\":\"0.7\",\"header_transparent_noplaceholder\":false,\"class\":\"\"},\"children\":[{\"type\":\"row\",\"props\":{\"column_gap\":\"collapse\",\"row_gap\":\"collapse\"},\"children\":[{\"type\":\"column\",\"props\":{\"position_sticky_breakpoint\":\"m\",\"image_position\":\"center-center\",\"media_overlay_gradient\":\"\",\"width_medium\":\"\",\"image\":\"\",\"image_size\":\"cover\",\"image_height\":\"800\",\"vertical_align\":\"middle\"},\"children\":[]}]}],\"name\":\"Farbenfreude1\"},{\"type\":\"section\",\"props\":{\"style\":\"default\",\"width\":\"default\",\"vertical_align\":\"middle\",\"title_position\":\"top-left\",\"title_rotation\":\"left\",\"title_breakpoint\":\"xl\",\"image_position\":\"center-left\",\"padding\":\"large\",\"animation\":\"slide-bottom-medium\",\"animation_delay\":\"300\",\"image\":\"\",\"image_size\":\"contain\",\"image_effect\":\"parallax\"},\"children\":[{\"type\":\"row\",\"props\":{\"margin_remove_bottom\":false},\"children\":[{\"type\":\"column\",\"props\":{\"position_sticky_breakpoint\":\"m\",\"image_position\":\"center-center\",\"media_overlay_gradient\":\"\",\"width_medium\":\"\",\"vertical_align\":\"middle\"},\"children\":[{\"type\":\"headline\",\"props\":{\"title_element\":\"h1\",\"content\":\"Intuitives Malen ist eine kreative Reise zu Dir selbst\"}},{\"type\":\"text\",\"props\":{\"margin\":\"default\",\"column_breakpoint\":\"m\",\"content\":\"\n\n<p><em><strong>LERNE DICH SELBST NEU KENNEN UND LIEBEN<\\\/strong><\\\/em><\\\/p>\\n\n\n<p class=\\\"\\\">In diesem Kurs geht es nur um Dich. Was bewegt Dich, was macht Dich aus? Das Malen bringt Dich wieder in Verbindung mit Dir selbst, Deinem innersten Kern. Hier sp\\u00fcrst Du, welche Farbe Dir gerade gut, welche Form und was sich zeigen m\\u00f6chte.<\\\/p>\"}}]}]},{\"type\":\"row\",\"children\":[{\"type\":\"column\",\"props\":{\"position_sticky_breakpoint\":\"m\",\"image_position\":\"center-center\",\"media_overlay_gradient\":\"\"},\"children\":[]}]},{\"type\":\"row\",\"props\":{\"column_gap\":\"large\"},\"children\":[{\"type\":\"column\",\"props\":{\"position_sticky_breakpoint\":\"m\",\"image_position\":\"center-center\",\"media_overlay_gradient\":\"\"},\"children\":[{\"type\":\"accordion\",\"props\":{\"show_image\":true,\"show_link\":true,\"collapsible\":true,\"content_column_breakpoint\":\"m\",\"image_svg_color\":\"emphasis\",\"image_align\":\"top\",\"image_grid_width\":\"1-2\",\"image_grid_breakpoint\":\"m\",\"link_text\":\"Read more\",\"link_style\":\"default\",\"margin\":\"large\"},\"children\":[{\"type\":\"accordion_item\",\"props\":{\"content\":\"\n\n<p>Der Ursprung des Wortes ist lateinisch und bedeutet das Erscheinen des Bildes im Spiegel, geistig erfassen, etwas genau betrachten, Eingebung. In der Welt in der wir leben spielt Intuition kaum noch eine Rolle.<\\\/p>\\n\n\n<p>Im Vordergrund stehen der Intellekt und die wissenschaftliche Erkenntnis bzw. Beweisbarkeit. Alles was nicht bewiesen werden kann, kann nicht existieren. Wissenschaft, Forschung, Statistik, das ist alles sehr interessant und kann uns gute Dienste erweisen, aber leider ist es meist zu unserer einzigen Wahrheit geworden.<\\\/p>\\n\n\n<p>John Dalton erkl\\u00e4rte 1808, dass die Elemente aus nicht teilbaren sehr kleinen Teilchen bestehen, die er Atome nannte. Es hat nochmals knapp 100 Jahre gedauert, bis Joseph Thomson bewies, dass Atome sehr wohl teilbar sind.<\\\/p>\\n\n\n<p>Was ich damit zeigen will: Es gibt vieles, was man nicht beweisen kann, aber es existiert trotzdem. Oft kann man es sp\\u00fcren. Und auf diese Sp\\u00fcren, zu vertrauen ist sehr wichtig um sich zu einem selbstbewussten Menschen zu entwickeln. Einem Menschen, der mit dem Kopf im Himmel und den F\\u00fc\\u00dfen am Boden ist... In der Mitte ist der Bauch, das Bauchgef\\u00fchl, die Intuition.<\\\/p>\\n\n\n<p>Wir denken sehr stark mit der linken Hemisph\\u00e4re, analytisch, strukturiert. Die Intuition kommt mehr aus der rechten Gehimh\\u00e4lfte; hier denken wir in Bildern, sehen mehr Gesamtzusammenh\\u00e4nge, Musik und Humor wird hier verarbeitet.<\\\/p>\\n\n\n<p>Wie kann ich mich wieder mit meiner Intuition verbinden und ihr vertrauen? Eine sehr weise Antwort, wenn ich mein Herz frage. Zusammenspiel von Herz und Verstand. Antwort der Intuition erscheint manchmal schwierig. Intuition wahrnehmen bedarf der \\u00dcbung.<\\\/p>\\n\n\n<p>Der Intellekt liebt das \\u00dcberschaubare, Das Ego m\\u00f6chte den Status Quo erhalten und deine Intuition m\\u00f6chte, dass du dich sp\\u00fcrst und lebendig bist. Sie ist Ausdruck der Seele, wenn man es esoterisch betrachten m\\u00f6chte.<\\\/p>\\n\n\n<blockquote>\\n\n\n<p>Wenn es nicht aus dir selbst kommt, wo willst du es dann finden? (Zentia)<\\\/p>\\n<\\\/blockquote>\",\"title\":\"Was ist Intuition und warum ist sie so wichtig?\"}}]}]}]}],\"name\":\"Farbenfreude2\"},{\"type\":\"section\",\"props\":{\"style\":\"default\",\"width\":\"default\",\"vertical_align\":\"middle\",\"title_position\":\"top-left\",\"title_rotation\":\"left\",\"title_breakpoint\":\"xl\",\"image_position\":\"center-center\",\"image\":\"wp-content\\\/uploads\\\/2022\\\/07\\\/20180815_184614.jpg\",\"image_size\":\"cover\",\"image_effect\":\"parallax\",\"image_parallax_bgy_start\":\"270\",\"image_parallax_bgy_end\":\"30\",\"padding\":\"xlarge\"},\"children\":[{\"type\":\"row\",\"children\":[{\"type\":\"column\",\"props\":{\"position_sticky_breakpoint\":\"m\",\"image_position\":\"center-center\",\"media_overlay_gradient\":\"\"},\"children\":[]}]}],\"name\":\"Scrollbares Bild als Hintergrund\"},{\"type\":\"section\",\"props\":{\"style\":\"default\",\"width\":\"default\",\"vertical_align\":\"middle\",\"title_position\":\"top-left\",\"title_rotation\":\"left\",\"title_breakpoint\":\"xl\",\"image_position\":\"center-center\",\"padding_remove_top\":false,\"padding\":\"large\",\"image\":\"\",\"image_height\":\"120\",\"image_effect\":\"parallax\",\"image_parallax_bgy_start\":\"0\",\"image_parallax_bgx_start\":\"-600\",\"image_parallax_bgx_end\":\"-600\",\"image_parallax_bgy_end\":\"-270\",\"padding_remove_bottom\":false,\"animation\":\"slide-bottom-medium\",\"animation_delay\":\"300\"},\"children\":[{\"type\":\"row\",\"children\":[{\"type\":\"column\",\"props\":{\"position_sticky_breakpoint\":\"m\",\"image_position\":\"center-center\",\"media_overlay_gradient\":\"\",\"image\":\"\",\"image_height\":\"120\",\"image_effect\":\"parallax\"},\"children\":[{\"type\":\"headline\",\"props\":{\"title_element\":\"h1\",\"content\":\"Ganz im Fluss mit dir selbst\",\"position\":\"relative\",\"position_bottom\":\"0\"}},{\"type\":\"text\",\"props\":{\"margin\":\"default\",\"column_breakpoint\":\"m\",\"content\":\"\n\n<p>Wir malen gro\\u00dfformatig mit Gouache, Farben die wunderbar leuchten und leicht flie\\u00dfen. Ohne Bewertung, nur aus dir selbst heraus darf alles in die Sichtbarkeit kommen, was gesehen werden m\\u00f6chte.<br \\\/>Du sp\\u00fcrst, wie wunderbar es ist, bei dir selbst zu sein und deine Kreativit\\u00e4t flie\\u00dfen zu lassen. Du kannst dich entspannen und loslassen - wieder Kraft tanken, f\\u00fcr den Alltag.<\\\/p>\\n\n\n<p>Sieh dich gerne etwas in der Galerie am Ende dieser Seite um und entdecke die Vielf\\u00e4ltigkeit von intuitiven Werken, bei denen stets der Prozess und nicht das Ergebnis im Vordergrund steht.<\\\/p>\\n\n\n<p><em>Meine Kurse im intuitiven Malen finden aktuell nur in meinem Atelier statt. Wenn Du teilnehmen m\\u00f6chtest, sende mir einfach eine Anfrage!<\\\/em><\\\/p>\",\"position\":\"relative\",\"position_bottom\":\"0\"}}]}]},{\"type\":\"row\",\"children\":[{\"type\":\"column\",\"props\":{\"position_sticky_breakpoint\":\"m\",\"image_position\":\"center-center\",\"media_overlay_gradient\":\"\"},\"children\":[]}]},{\"type\":\"row\",\"children\":[{\"type\":\"column\",\"props\":{\"position_sticky_breakpoint\":\"m\",\"image_position\":\"center-center\",\"media_overlay_gradient\":\"\"},\"children\":[{\"type\":\"accordion\",\"props\":{\"show_image\":true,\"show_link\":true,\"collapsible\":true,\"content_column_breakpoint\":\"m\",\"image_svg_color\":\"emphasis\",\"image_align\":\"top\",\"image_grid_width\":\"1-2\",\"image_grid_breakpoint\":\"m\",\"link_text\":\"Read more\",\"link_style\":\"default\",\"margin\":\"large\"},\"children\":[{\"type\":\"accordion_item\",\"props\":{\"content\":\"\n\n<p>Was k\\u00f6nnte ich tun, wenn ich die wei\\u00dfe Stelle nicht ausmalen m\\u00fcsste?<\\\/p>\\n\n\n<p>Sp\\u00fcrst Du etwas in Deinem K\\u00f6rper und wo?<\\\/p>\\n\n\n<p>Frage nochmals wiederholen. Was w\\u00fcrde ich malen, wenn von irgendwo irgendetwas aut meinem Bild erscheinen w\\u00fcrde?<\\\/p>\\n\n\n<p>Was w\\u00fcrde ich malen, wenn ich alles f\\u00fchlen d\\u00fcrfte und aushalten k\\u00f6nnte?<\\\/p>\\n\n\n<p>Was w\\u00fcrde ich malen wenn ich mich nicht bewerten w\\u00fcrde oder Angst h\\u00e4tte von anderen bewertet zu werden?<\\\/p>\\n\n\n<p>Was w\\u00e4re, wenn ich wirklich alles malen d\\u00fcrfte? Wenn ich keine Angst h\\u00e4tte, mein Bild zu verderben? Wenn ich keine Angst h\\u00e4tte, die Kontrolle zu verlieren? Wenn mein Bild keine Bedeutung haben m\\u00fcsste?<\\\/p>\\n\n\n<p>Was w\\u00fcrde ich malen, wenn ich drei Jahre alt w\\u00e4re?<\\\/p>\\n\n\n<p>Was w\\u00fcrde ich malen, wenn ich einfach nur Spa\\u00df haben wollte?<\\\/p>\\n\n\n<p>Was w\\u00fcrde ich malen, wenn ich nicht verst\\u00fcnde, was ich male?<\\\/p>\\n\n\n<p>Eine Blockade tritt auf, wenn du glaubst etwas tun zu m\\u00fcssen, w\\u00e4hrend du in Wirklichkeit an etwas ganz anderem interessiert bist. Nicht mit dem Verstand in die Intuition einmischen. Vertraue unter allen Umst\\u00e4nden deiner Intuition, sie zeigt dir, was gemalt werden m\\u00f6chte. Denn Paul Kleeerkannte auch:<\\\/p>\\n\n\n<blockquote>\\n\n\n<p>\\\"Kunst gibt nicht das Sichtbare wieder, sondern macht sichtbar.\\\"<\\\/p>\\n<\\\/blockquote>\",\"title\":\"Erfahre, was Du bei Blockaden tun kannst:\"}}]}]}]},{\"type\":\"row\",\"children\":[{\"type\":\"column\",\"props\":{\"position_sticky_breakpoint\":\"m\",\"image_position\":\"center-center\",\"media_overlay_gradient\":\"\"},\"children\":[]}]},{\"type\":\"row\",\"children\":[{\"type\":\"column\",\"props\":{\"position_sticky_breakpoint\":\"m\",\"image_position\":\"center-center\",\"media_overlay_gradient\":\"\"},\"children\":[{\"type\":\"button\",\"props\":{\"grid_column_gap\":\"medium\",\"grid_row_gap\":\"small\",\"margin\":\"default\",\"position\":\"relative\",\"position_bottom\":\"0\"},\"children\":[{\"type\":\"button_item\",\"props\":{\"button_style\":\"default\",\"icon_align\":\"left\",\"content\":\"Zur Galerie\",\"link\":\"#galerie\",\"icon\":\"chevron-down\"}},{\"type\":\"button_item\",\"props\":{\"button_style\":\"default\",\"icon_align\":\"left\",\"content\":\"Anmelden\",\"link\":\"farbenfreude\\\/kontakt\\\/\",\"icon\":\"check\"}}]}]}]}],\"name\":\"Farbenfreude4\"},{\"type\":\"section\",\"props\":{\"style\":\"default\",\"width\":\"default\",\"vertical_align\":\"middle\",\"title_position\":\"top-left\",\"title_rotation\":\"left\",\"title_breakpoint\":\"xl\",\"image_position\":\"center-center\",\"image\":\"wp-content\\\/uploads\\\/2022\\\/07\\\/glueck.jpg\",\"image_size\":\"cover\",\"image_effect\":\"parallax\",\"image_parallax_bgy_start\":\"270\",\"image_parallax_bgy_end\":\"30\",\"padding\":\"xlarge\"},\"children\":[{\"type\":\"row\",\"children\":[{\"type\":\"column\",\"props\":{\"position_sticky_breakpoint\":\"m\",\"image_position\":\"center-center\",\"media_overlay_gradient\":\"\"},\"children\":[]}]}],\"name\":\"Scrollbares Bild als Hintergrund\"},{\"type\":\"section\",\"props\":{\"style\":\"default\",\"width\":\"default\",\"vertical_align\":\"middle\",\"title_position\":\"top-left\",\"title_rotation\":\"left\",\"title_breakpoint\":\"xl\",\"image_position\":\"top-left\",\"image\":\"\",\"image_height\":\"400\",\"image_parallax_bgy_end\":\"-400\",\"padding_remove_top\":false,\"padding\":\"large\",\"animation\":\"slide-bottom-medium\",\"animation_delay\":\"300\"},\"children\":[{\"type\":\"row\",\"children\":[{\"type\":\"column\",\"props\":{\"position_sticky_breakpoint\":\"m\",\"image_position\":\"center-center\",\"media_overlay_gradient\":\"\",\"width_medium\":\"\",\"image\":\"\",\"image_size\":\"contain\"},\"children\":[{\"type\":\"headline\",\"props\":{\"title_element\":\"h1\",\"content\":\"Galerie\",\"position\":\"relative\",\"position_bottom\":\"0\",\"id\":\"galerie\"}},{\"type\":\"text\",\"props\":{\"margin\":\"default\",\"column_breakpoint\":\"m\",\"content\":\"\n\n<p>In dieser Galerie findest Du eine Auswahl an Werken, die ich im Rahmen des intuitven Malens geschaffen habe. Auch in meinen modernen Werken zeigen sich manchmal entsprechende Elemente. Der Unterschied ist jedoch, dass wir beim intuitiven Malen statt eines vorgegebenen oder geplanten Motives ausschlie\\u00dflich jenes zu Papier bringen, das sich aus unserem Inneren in den Vordergrund dr\\u00e4ngt. So erhalten wir die M\\u00f6glichkeit, uns tiefergehend mit uns selbst auseinanderzusetzen und schwierige Themen aus unserem Leben gehen zu lassen.<\\\/p>\"}}]}]}],\"name\":\"Farbenfreude5\"},{\"type\":\"section\",\"props\":{\"style\":\"default\",\"width\":\"\",\"vertical_align\":\"middle\",\"title_position\":\"top-left\",\"title_rotation\":\"left\",\"title_breakpoint\":\"xl\",\"image_position\":\"center-center\",\"padding\":\"large\",\"padding_remove_top\":true,\"animation\":\"slide-bottom-medium\",\"animation_delay\":\"300\"},\"children\":[{\"type\":\"row\",\"children\":[{\"type\":\"column\",\"props\":{\"position_sticky_breakpoint\":\"m\",\"image_position\":\"center-center\",\"media_overlay_gradient\":\"\"},\"children\":[{\"type\":\"gallery\",\"props\":{\"show_title\":true,\"show_meta\":true,\"show_content\":true,\"show_link\":true,\"show_hover_image\":true,\"grid_default\":\"1\",\"grid_medium\":\"2\",\"filter_style\":\"tab\",\"filter_all\":true,\"filter_position\":\"top\",\"filter_align\":\"left\",\"filter_grid_width\":\"auto\",\"filter_grid_breakpoint\":\"m\",\"overlay_mode\":\"cover\",\"overlay_hover\":true,\"overlay_style\":\"overlay-primary\",\"text_color\":\"light\",\"overlay_position\":\"center\",\"overlay_transition\":\"slide-left\",\"title_hover_style\":\"reset\",\"title_element\":\"h3\",\"meta_style\":\"meta\",\"meta_align\":\"below-title\",\"meta_element\":\"div\",\"link_text\":\"Vergr\\u00f6\\u00dfern\",\"link_style\":\"primary\",\"text_align\":\"center\",\"margin\":\"default\",\"item_animation\":true,\"grid_large\":\"2\",\"grid_xlarge\":\"2\",\"grid_masonry\":false,\"grid_parallax\":\"0\",\"lightbox\":true,\"content_display\":\"lightbox\",\"title_style\":\"h3\",\"image_transition\":\"scale-up\",\"image_min_height\":\"400\",\"lightbox_image_orientation\":false,\"animation\":\"slide-bottom-medium\",\"parallax_y_start\":\"0\",\"parallax_y_end\":\"0\",\"grid_column_gap\":\"large\",\"grid_row_gap\":\"large\"},\"children\":[{\"type\":\"gallery_item\",\"props\":{\"title\":\"\\\"Geist\\\"\",\"image\":\"wp-content\\\/uploads\\\/2022\\\/07\\\/farbenfreude.4.jpg\"}},{\"type\":\"gallery_item\",\"props\":{\"title\":\"\\\"Taucher\\\"\",\"image\":\"wp-content\\\/uploads\\\/2022\\\/07\\\/farbenfreude_2.jpg\"}},{\"type\":\"gallery_item\",\"props\":{\"title\":\"\\\"Gl\\u00fcck\\\"\",\"image\":\"wp-content\\\/uploads\\\/2022\\\/07\\\/farbenfreude-3.jpg\"}},{\"type\":\"gallery_item\",\"props\":{\"title\":\"\\\"Engel\\\"\",\"image\":\"wp-content\\\/uploads\\\/2022\\\/07\\\/farbenfreude6.jpg\"}},{\"type\":\"gallery_item\",\"props\":{\"title\":\"\\\"Ver\\u00e4nderung\\\"\",\"image\":\"wp-content\\\/uploads\\\/2022\\\/07\\\/farbenfreude-9.jpg\"}},{\"type\":\"gallery_item\",\"props\":{\"title\":\"\\\"V\\u00f6gel\\\"\",\"image\":\"wp-content\\\/uploads\\\/2022\\\/07\\\/farbenfreude7.jpg\"}},{\"type\":\"gallery_item\",\"props\":{\"title\":\"\\\"Verwandlung\\\"\",\"image\":\"wp-content\\\/uploads\\\/2022\\\/07\\\/farbenfreude8.jpg\"}},{\"type\":\"gallery_item\",\"props\":{\"title\":\"\\\"Liebe\\\"\",\"image\":\"wp-content\\\/uploads\\\/2022\\\/07\\\/farbenfreude-5.jpg\"}}]}]}]}],\"name\":\"Galerie\"}],\"version\":\"2.7.22\"} --><\/p>\n","protected":false},"excerpt":{"rendered":"<p>Intuitives Malen ist eine kreative Reise zu Dir selbst LERNE DICH SELBST NEU KENNEN UND LIEBEN In diesem Kurs geht es nur um Dich. Was bewegt Dich, was macht Dich [&hellip;]<\/p>\n","protected":false},"author":1,"featured_media":0,"parent":0,"menu_order":0,"comment_status":"closed","ping_status":"closed","template":"","meta":{"footnotes":""},"class_list":["post-44","page","type-page","status-publish","hentry"],"_links":{"self":[{"href":"https:\/\/farbenfreude.freigeistdesign.com\/farbenfreude\/wp-json\/wp\/v2\/pages\/44","targetHints":{"allow":["GET"]}}],"collection":[{"href":"https:\/\/farbenfreude.freigeistdesign.com\/farbenfreude\/wp-json\/wp\/v2\/pages"}],"about":[{"href":"https:\/\/farbenfreude.freigeistdesign.com\/farbenfreude\/wp-json\/wp\/v2\/types\/page"}],"author":[{"embeddable":true,"href":"https:\/\/farbenfreude.freigeistdesign.com\/farbenfreude\/wp-json\/wp\/v2\/users\/1"}],"replies":[{"embeddable":true,"href":"https:\/\/farbenfreude.freigeistdesign.com\/farbenfreude\/wp-json\/wp\/v2\/comments?post=44"}],"version-history":[{"count":50,"href":"https:\/\/farbenfreude.freigeistdesign.com\/farbenfreude\/wp-json\/wp\/v2\/pages\/44\/revisions"}],"predecessor-version":[{"id":1261,"href":"https:\/\/farbenfreude.freigeistdesign.com\/farbenfreude\/wp-json\/wp\/v2\/pages\/44\/revisions\/1261"}],"wp:attachment":[{"href":"https:\/\/farbenfreude.freigeistdesign.com\/farbenfreude\/wp-json\/wp\/v2\/media?parent=44"}],"curies":[{"name":"wp","href":"https:\/\/api.w.org\/{rel}","templated":true}]}}