{"id":24,"date":"2022-07-01T10:18:30","date_gmt":"2022-07-01T08:18:30","guid":{"rendered":"https:\/\/farbenfreude.freigeistdesign.com\/farbenfreude\/?page_id=24"},"modified":"2022-09-07T13:58:35","modified_gmt":"2022-09-07T11:58:35","slug":"du-interessierst-dich-fuer-ein-kunstwerk","status":"publish","type":"page","link":"https:\/\/farbenfreude.freigeistdesign.com\/farbenfreude\/du-interessierst-dich-fuer-ein-kunstwerk\/","title":{"rendered":"Du interessierst Dich f\u00fcr ein Kunstwerk?"},"content":{"rendered":"<p><img decoding=\"async\" src=\"\/farbenfreude\/wp-content\/uploads\/2022\/07\/mockup_freundinnen.jpg\" alt=\"\"><\/p>\n<div>\n<h3> Du interessierst Dich f\u00fcr ein Kunstwerk? <\/h3>\n<p> Erst Testen, dann kaufen <\/p>\n<div>\n<div class=\"uk-panel uk-margin uk-text-left uk-scrollspy-inview \" data-id=\"page#0-0-1-2\" uk-scrollspy-class=\"uk-animation-slide-left-medium\">\n<div class=\"uk-panel uk-margin uk-text-left\" data-id=\"page#1-0-0-2\">\n<div class=\"sqs-block html-block sqs-block-html\" data-block-type=\"2\" id=\"block-5f8d838c79d73f221a72\">\n<div class=\"sqs-block-content\">\n<p class=\"\">Gern komme ich auch bei dir vorbei, wenn Du nicht weiter als 100 km von mir entfernt wohnst. Dann k\u00f6nnen wir das Gem\u00e4lde einfach mal 14 Tage bei dir zur Probe h\u00e4ngen lassen, damit Du seine Wirkung sp\u00fcren kannst.<\/p>\n<hr \/>\n<p class=\"\"><strong>Eine Alternative:<\/strong> Es ist grunds\u00e4tzlich nicht ganz einfach, sich ein Bild wirklich in den eigenen vier W\u00e4nden vorzustellen. Damit Dir das gelingt, biete ich Dir an, Dein Wunschbild in Deinen Raum zu fotoshoppen. Daf\u00fcr musst Du mir nur ein Bild der Wand, an die Du das Gem\u00e4lde h\u00e4ngen m\u00f6chtest, schicken.<\/p>\n<div class=\"sqs-block html-block sqs-block-html\" data-block-type=\"2\" id=\"block-yui_3_17_2_1_1626373638762_2493\">\n<div class=\"sqs-block-content\">\n<p class=\"\">So kannst du schnell und einfach sehen, ob die Farben des Kunstwerkes mit den W\u00e4nden und M\u00f6beln deines Raumes harmonieren und und ob es die Stimmung erzeugt, die du dir gew\u00fcnscht hast.<\/p>\n<\/div>\n<\/div>\n<\/div>\n<\/div>\n<\/div>\n<\/div>\n<\/div>\n<p><a href=\"\/farbenfreude\/farbenfreude\/kontakt\/\">Sende mir Deinen Raum!<\/a><\/p>\n<\/div>\n<h2>Wichtige Informationen<\/h2>\n<div>\n<p>Hier findest Du wichtige Informationen zu meinen Werken und zum Ablauf Deiner Bestellung. Je nachdem, was Dich besonders interessiert, kannst Du \u00fcber die Pfeile auf der linken und rechten Seite (oder die untenstehenden Punkte in der mobilen Version) zum gew\u00fcnschten Inhalt navigieren. Falls dennoch Fragen auftauchen sollten, <a href=\"https:\/\/farbenfreude.freigeistdesign.com\/farbenfreude\/kontakt\/\">kontaktiere mich gerne<\/a>!<\/p>\n<\/div>\n<ul>\n<li>\n<h3>Auftragsarbeiten<\/h3>\n<div>\n<p>Du hast einen speziellen Wunsch oder ein Thema, das Dich besch\u00e4ftigt und Du gern durch ein Bild sichtbar machen m\u00f6chtest? Dann erz\u00e4hle mir davon, von Deinen Gedanken, W\u00fcnschen und Vorlieben f\u00fcr Farben!<\/p>\n<p>Mein spezielles Angebot beinhaltet auch Seelenbilder: Diese Bilder unterst\u00fctzen Dein dabei, Dein ureeigenes Potential f\u00fcr Dich ganz pers\u00f6nlich oder Dein Unternehmen zum Ausdruck zu bringen. Falls Du Deine Geburtszeit hast, kann ich es noch genauer auf dich und deine Bed\u00fcrfnisse zuschneiden.<\/p>\n<\/div>\n<p><a href=\"https:\/\/eu.jotform.com\/form\/222151880009348\">Seelenbilder<\/a><\/p>\n<\/li>\n<li>\n<h3>Kunstdrucke<\/h3>\n<div>\n<p>Alle meine Werke sind nicht nur im Original, sondern auch als hochwertige Kunstdrucke erh\u00e4ltlich. Falls Du Interesse hast, sende mir gerne eine Anfrage unter Angabe des gew\u00fcnschten Werkes und ich erstelle Dir ein unverbindliches Angebot.<\/p>\n<\/div>\n<p><a href=\"https:\/\/eu.jotform.com\/form\/222151880009348\">Unverbindliche Anfrage<\/a><\/p>\n<\/li>\n<li>\n<h3>Bezahlung<\/h3>\n<div>\n<p class=\"\">Auftragsarbeiten: Die Anzahlung erfolgt mit Vorauskasse oder Paypal und betr\u00e4gt 50 % des Kaufpreises. Nach Fertigstellung und wenn das Bild auch f\u00fcr Dich stimmig ist, bitte ich um die ausstehenden 50%.<\/p>\n<p class=\"\">Bilder aus dem Katalog werden per Vorauskasse, mit dem gesamten Kaufpreis, bezahlt. Falls f\u00fcr Dich das Bild nur mit einer eine Ratenzahlung erschwinglich ist, sprich mich bitte darauf an.<\/p>\n<\/div>\n<\/li>\n<li>\n<h3>Verpackung und Versand<\/h3>\n<div>\n<p>Das Bild wird direkt zu Dir nach hause geschickt.<br \/>Hierf\u00fcr bekommt es eine sehr gute und sorgf\u00e4ltige Verpackung mit Polsterung zum Schutz und einen versicherten Versand.<\/p>\n<p>\u2013 Damit Dich Dein ganz pers\u00f6nliches Kunstwerk Inspiriert und du es in vollen Z\u00fcgen genie\u00dfen kannst.<\/p>\n<\/div>\n<\/li>\n<li>\n<h3>R\u00fcckgabe<\/h3>\n<div>\n<p>Falls Dir Dein ausgew\u00e4hltes Bild doch nicht zusagen sollte, hast Du ein 14 t\u00e4giges Widerrufsrecht und bekommst den gesamten Preis zur\u00fcckerstattet, sobald das Bild unbeschadet bei mir angekommen ist. Das Porto ist in diesem Fall von Dir zu tragen.<\/p>\n<\/div>\n<\/li>\n<li>\n<h3>Aufh\u00e4ngung<\/h3>\n<div>\n<p>Die Bilder sind mit speziellen Haken ausgestattet, damit Du nur zwei N\u00e4gel in der Wand befestigen musst. Nur bei sehr gro\u00dfformatigen Bildern sind D\u00fcbel notwendig, die ich Dir aber gerne beilege.<\/p>\n<p>Du hast eine Aufh\u00e4ngeschiene?<br \/>Dann befestige ich Dir die Haken gerne am Rahmen. Nimm einfach telefonisch oder per E-mail Kontakt auf und wir gehen auf deine W\u00fcnsche ein.<\/p>\n<\/div>\n<p><a href=\"#aufhaengung\">Weitere Informationen<\/a><\/p>\n<\/li>\n<li>\n<h3>Du bist schon Sammler?<\/h3>\n<div>\n<p>Wenn Du schon zwei meiner Werke erworben hast, dann bekommst Du 10 % Preisnachlass auf jedes meiner Werke und Du hast die M\u00f6glichkeit, als Erste*r einen <br \/>Blick auf neue Bilder von mir zu werfen.<\/p>\n<\/div>\n<\/li>\n<li>\n<h3>Echtheitszertifikat<\/h3>\n<div>\n<p>Da Dein Bild nur einmal existiert und es eine ganz besondere Botschaft f\u00fcr Dich bereit h\u00e4lt, bekommt jedes Werk von mir ein Echtheitszertifikat, welches ich Dir gerne beilege.<\/p>\n<\/div>\n<\/li>\n<\/ul>\n<h2>\n<p>Aufh\u00e4ngung<\/p>\n<\/h2>\n<hr>\n<div>\n<p>Da ich meine Werke bereits vor dem Versenden auf das Anbringen an Deiner Wand vorbereite, wirst Du keine Schwierigkeiten damit haben. Es ist lediglich wichtig, passendes Werkzeug zur Hand zu haben und den Ablauf zu planen, damit es Dir leichter f\u00e4llt.<\/p>\n<\/div>\n<div>\n<h3>Werkzeug<\/h3>\n<div>\n<div class=\"uk-panel uk-margin\" data-id=\"page#6-0-0-1\">\n<h5><strong>Basics<br \/><\/strong><\/h5>\n<ul>\n<li>einen Bleistift<\/li>\n<li>eine Wasserwaage<\/li>\n<li>Wenn du keine Wasserwaage zur Hand hast: die meisten Smartphones haben eine Wasserwaagenfunktion. Zusammen mit einem langen Lineal kannst du die zwei Befestigungspunkte dann waagerecht ausrichten.Du l\u00e4sst Dir dann am besten von einer dritten Hand helfen.<\/li>\n<\/ul>\n<h5>Bei leichten Bildern<\/h5>\n<ul>\n<li>einen Hammer<\/li>\n<li>N\u00e4gel<\/li>\n<\/ul>\n<h5><strong>Bei schweren Bildern<\/strong><\/h5>\n<ul>\n<li>eine Bohrmaschine<\/li>\n<li>Schrauben und passende D\u00fcbel<\/li>\n<li>einen Bohrer passend zum Untergrundmaterial<\/li>\n<li>bestenfalls einen Staubsauger<\/li>\n<\/ul>\n<\/div>\n<\/div>\n<\/div>\n<div>\n<h3>Vorbereitungen<\/h3>\n<div>\n<h5>Ein paar Kleinigkeiten vorab<\/h5>\n<ul>\n<li>W\u00e4hle den Platz an der Wand f\u00fcr Dein Bild.<\/li>\n<li>Bestimme, wo die Oberkante des Bildes sein soll und zeichne sie mit dem Bleistift leicht an.<\/li>\n<li>Stelle das Bild beiseite an einen gesch\u00fctzten Ort<\/li>\n<li>Miss nun ab: Die Befestigungspunkte liegen in Rahmenst\u00e4rke unterhalb der Oberkante Deines Bildes.<\/li>\n<li>Markiere die zwei oder drei Punkte an der Wand<\/li>\n<\/ul>\n<p>Und dann gehts los! \ud83d\ude42<strong><\/strong><\/p>\n<\/div>\n<p><a href=\"\/farbenfreude\/farbenfreude\/kontakt\/\">Noch Fragen?<\/a><\/p>\n<\/div>\n<p><!--more--><br \/>\n<!-- {\"type\":\"layout\",\"children\":[{\"type\":\"section\",\"props\":{\"style\":\"default\",\"width\":\"\",\"vertical_align\":\"middle\",\"title_position\":\"top-left\",\"title_rotation\":\"left\",\"title_breakpoint\":\"xl\",\"image_position\":\"center-center\",\"height\":\"full\",\"padding_remove_top\":true,\"image\":\"\",\"animation\":\"slide-left-medium\",\"animation_delay\":\"300\",\"width_expand\":\"left\"},\"children\":[{\"type\":\"row\",\"props\":{\"layout\":\"1-2,1-2\",\"column_gap\":\"collapse\",\"row_gap\":\"collapse\",\"match\":false},\"children\":[{\"type\":\"column\",\"props\":{\"position_sticky_breakpoint\":\"m\",\"image_position\":\"center-center\",\"media_overlay_gradient\":\"\",\"width_medium\":\"1-2\",\"image\":\"\",\"image_size\":\"cover\"},\"children\":[{\"type\":\"image\",\"props\":{\"margin\":\"default\",\"image_svg_color\":\"emphasis\",\"image\":\"wp-content\\\/uploads\\\/2022\\\/07\\\/mockup_freundinnen.jpg\",\"image_height\":\"1000\"}}]},{\"type\":\"column\",\"props\":{\"position_sticky_breakpoint\":\"m\",\"image_position\":\"center-center\",\"media_overlay_gradient\":\"\",\"width_medium\":\"1-2\",\"vertical_align\":\"middle\",\"style\":\"secondary\"},\"children\":[{\"type\":\"panel\",\"props\":{\"link_text\":\"Sende mir Deinen Raum!\",\"title_hover_style\":\"reset\",\"title_element\":\"h3\",\"title_align\":\"top\",\"title_grid_width\":\"1-2\",\"title_grid_breakpoint\":\"m\",\"meta_style\":\"h5\",\"meta_align\":\"below-title\",\"meta_element\":\"div\",\"content_column_breakpoint\":\"m\",\"icon_width\":80,\"image_align\":\"top\",\"image_grid_width\":\"1-2\",\"image_grid_breakpoint\":\"m\",\"image_svg_color\":\"emphasis\",\"link_style\":\"primary\",\"margin\":\"default\",\"title\":\" Du interessierst Dich f\\u00fcr ein Kunstwerk? \",\"meta\":\" Erst Testen, dann kaufen \",\"content\":\"\n\n<div class=\\\"uk-panel uk-margin uk-text-left uk-scrollspy-inview \\\" data-id=\\\"page#0-0-1-2\\\" uk-scrollspy-class=\\\"uk-animation-slide-left-medium\\\">\\n\n\n<div class=\\\"uk-panel uk-margin uk-text-left\\\" data-id=\\\"page#1-0-0-2\\\">\\n\n\n<div class=\\\"sqs-block html-block sqs-block-html\\\" data-block-type=\\\"2\\\" id=\\\"block-5f8d838c79d73f221a72\\\">\\n\n\n<div class=\\\"sqs-block-content\\\">\\n\n\n<p class=\\\"\\\">Gern komme ich auch bei dir vorbei, wenn Du nicht weiter als 100 km von mir entfernt wohnst. Dann k\\u00f6nnen wir das Gem\\u00e4lde einfach mal 14 Tage bei dir zur Probe h\\u00e4ngen lassen, damit Du seine Wirkung sp\\u00fcren kannst.<\\\/p>\\n\n\n<hr \\\/>\\n\n\n<p class=\\\"\\\"><strong>Eine Alternative:<\\\/strong> Es ist grunds\\u00e4tzlich nicht ganz einfach, sich ein Bild wirklich in den eigenen vier W\\u00e4nden vorzustellen. Damit Dir das gelingt, biete ich Dir an, Dein Wunschbild in Deinen Raum zu fotoshoppen. Daf\\u00fcr musst Du mir nur ein Bild der Wand, an die Du das Gem\\u00e4lde h\\u00e4ngen m\\u00f6chtest, schicken.<\\\/p>\\n\n\n<div class=\\\"sqs-block html-block sqs-block-html\\\" data-block-type=\\\"2\\\" id=\\\"block-yui_3_17_2_1_1626373638762_2493\\\">\\n\n\n<div class=\\\"sqs-block-content\\\">\\n\n\n<p class=\\\"\\\">So kannst du schnell und einfach sehen, ob die Farben des Kunstwerkes mit den W\\u00e4nden und M\\u00f6beln deines Raumes harmonieren und und ob es die Stimmung erzeugt, die du dir gew\\u00fcnscht hast.<\\\/p>\\n<\\\/div>\\n<\\\/div>\\n<\\\/div>\\n<\\\/div>\\n<\\\/div>\\n<\\\/div>\",\"panel_style\":\"tile-secondary\",\"panel_padding\":\"default\",\"title_margin\":\"remove\",\"margin_remove_top\":false,\"margin_remove_bottom\":false,\"link\":\"farbenfreude\\\/kontakt\\\/\"},\"name\":\"panel bild links inhalt rechts\"}]}]}],\"name\":\"Bild links, Text rechts\"},{\"type\":\"section\",\"props\":{\"style\":\"default\",\"width\":\"default\",\"vertical_align\":\"middle\",\"title_position\":\"top-left\",\"title_rotation\":\"left\",\"title_breakpoint\":\"xl\",\"image_position\":\"center-center\",\"animation\":\"slide-bottom-medium\",\"animation_delay\":\"300\",\"padding_remove_bottom\":true},\"children\":[{\"type\":\"row\",\"children\":[{\"type\":\"column\",\"props\":{\"position_sticky_breakpoint\":\"m\",\"image_position\":\"center-center\",\"media_overlay_gradient\":\"\"},\"children\":[{\"type\":\"headline\",\"props\":{\"title_element\":\"h2\",\"title_style\":\"h1\",\"content\":\"Wichtige Informationen\"}},{\"type\":\"text\",\"props\":{\"margin\":\"default\",\"column_breakpoint\":\"m\",\"content\":\"\n\n<p>Hier findest Du wichtige Informationen zu meinen Werken und zum Ablauf Deiner Bestellung. Je nachdem, was Dich besonders interessiert, kannst Du \\u00fcber die Pfeile auf der linken und rechten Seite (oder die untenstehenden Punkte in der mobilen Version) zum gew\\u00fcnschten Inhalt navigieren. Falls dennoch Fragen auftauchen sollten, <a href=\\\"https:\\\/\\\/farbenfreude.freigeistdesign.com\\\/farbenfreude\\\/kontakt\\\/\\\">kontaktiere mich gerne<\\\/a>!<\\\/p>\"}}]}]}]},{\"type\":\"section\",\"props\":{\"style\":\"default\",\"width\":\"default\",\"vertical_align\":\"middle\",\"title_position\":\"top-left\",\"title_rotation\":\"left\",\"title_breakpoint\":\"xl\",\"image_position\":\"center-center\",\"animation\":\"slide-right-medium\",\"animation_delay\":\"350\",\"padding_remove_top\":false},\"children\":[{\"type\":\"row\",\"children\":[{\"type\":\"column\",\"props\":{\"position_sticky_breakpoint\":\"m\",\"image_position\":\"center-center\",\"media_overlay_gradient\":\"\"},\"children\":[{\"type\":\"panel-slider\",\"props\":{\"show_title\":true,\"show_meta\":true,\"show_content\":true,\"show_image\":true,\"show_link\":true,\"slider_width\":\"fixed\",\"slider_width_default\":\"1-1\",\"slider_width_medium\":\"1-3\",\"slider_gap\":\"default\",\"slider_autoplay_pause\":true,\"nav\":\"dotnav\",\"nav_align\":\"center\",\"nav_breakpoint\":\"\",\"slidenav\":\"outside\",\"slidenav_margin\":\"medium\",\"slidenav_breakpoint\":\"l\",\"slidenav_outside_breakpoint\":\"xl\",\"panel_card_match\":false,\"title_hover_style\":\"reset\",\"title_element\":\"h3\",\"title_align\":\"top\",\"title_grid_width\":\"1-2\",\"title_grid_breakpoint\":\"m\",\"meta_style\":\"meta\",\"meta_align\":\"below-title\",\"meta_element\":\"div\",\"content_column_breakpoint\":\"m\",\"icon_width\":80,\"image_align\":\"top\",\"image_grid_width\":\"1-2\",\"image_grid_breakpoint\":\"m\",\"image_svg_color\":\"emphasis\",\"link_text\":\"Read more\",\"link_style\":\"default\",\"margin\":\"default\",\"nav_margin\":\"\",\"slider_autoplay\":true,\"panel_style\":\"card-secondary\",\"panel_padding\":\"default\",\"panel_card_offset\":false,\"title_style\":\"h3\",\"slider_center\":true,\"text_align\":\"left\",\"animation\":\"slide-right-medium\"},\"children\":[{\"type\":\"panel-slider_item\",\"props\":{\"title\":\"Auftragsarbeiten\",\"content\":\"\n\n<p>Du hast einen speziellen Wunsch oder ein Thema, das Dich besch\\u00e4ftigt und Du gern durch ein Bild sichtbar machen m\\u00f6chtest? Dann erz\\u00e4hle mir davon, von Deinen Gedanken, W\\u00fcnschen und Vorlieben f\\u00fcr Farben!<\\\/p>\\n\n\n<p>Mein spezielles Angebot beinhaltet auch Seelenbilder: Diese Bilder unterst\\u00fctzen Dein dabei, Dein ureeigenes Potential f\\u00fcr Dich ganz pers\\u00f6nlich oder Dein Unternehmen zum Ausdruck zu bringen. Falls Du Deine Geburtszeit hast, kann ich es noch genauer auf dich und deine Bed\\u00fcrfnisse zuschneiden.<\\\/p>\",\"link\":\"https:\\\/\\\/eu.jotform.com\\\/form\\\/222151880009348\",\"link_text\":\"Seelenbilder\",\"icon\":\"\"}},{\"type\":\"panel-slider_item\",\"props\":{\"title\":\"Kunstdrucke\",\"content\":\"\n\n<p>Alle meine Werke sind nicht nur im Original, sondern auch als hochwertige Kunstdrucke erh\\u00e4ltlich. Falls Du Interesse hast, sende mir gerne eine Anfrage unter Angabe des gew\\u00fcnschten Werkes und ich erstelle Dir ein unverbindliches Angebot.<\\\/p>\",\"link\":\"https:\\\/\\\/eu.jotform.com\\\/form\\\/222151880009348\",\"link_text\":\"Unverbindliche Anfrage\",\"icon\":\"\"}},{\"type\":\"panel-slider_item\",\"props\":{\"title\":\"Bezahlung\",\"content\":\"\n\n<p class=\\\"\\\">Auftragsarbeiten: Die Anzahlung erfolgt mit Vorauskasse oder Paypal und betr\\u00e4gt 50 % des Kaufpreises. Nach Fertigstellung und wenn das Bild auch f\\u00fcr Dich stimmig ist, bitte ich um die ausstehenden 50%.<\\\/p>\\n\n\n<p class=\\\"\\\"><br \\\/>Bilder aus dem Katalog werden per Vorauskasse, mit dem gesamten Kaufpreis, bezahlt. Falls f\\u00fcr Dich das Bild nur mit einer eine Ratenzahlung erschwinglich ist, sprich mich bitte darauf an.<\\\/p>\"}},{\"type\":\"panel-slider_item\",\"props\":{\"title\":\"Verpackung und Versand\",\"content\":\"\n\n<p>Das Bild wird direkt zu Dir nach hause geschickt.<br \\\/>Hierf\\u00fcr bekommt es eine sehr gute und sorgf\\u00e4ltige Verpackung mit Polsterung zum Schutz und einen versicherten Versand.<\\\/p>\\n\n\n<p>\\u2013 Damit Dich Dein ganz pers\\u00f6nliches Kunstwerk Inspiriert und du es in vollen Z\\u00fcgen genie\\u00dfen kannst.<\\\/p>\"}},{\"type\":\"panel-slider_item\",\"props\":{\"title\":\"R\\u00fcckgabe\",\"content\":\"\n\n<p>Falls Dir Dein ausgew\\u00e4hltes Bild doch nicht zusagen sollte, hast Du ein 14 t\\u00e4giges Widerrufsrecht und bekommst den gesamten Preis zur\\u00fcckerstattet, sobald das Bild unbeschadet bei mir angekommen ist. Das Porto ist in diesem Fall von Dir zu tragen.<\\\/p>\"}},{\"type\":\"panel-slider_item\",\"props\":{\"title\":\"Aufh\\u00e4ngung\",\"content\":\"\n\n<p>Die Bilder sind mit speziellen Haken ausgestattet, damit Du nur zwei N\\u00e4gel in der Wand befestigen musst. Nur bei sehr gro\\u00dfformatigen Bildern sind D\\u00fcbel notwendig, die ich Dir aber gerne beilege.<\\\/p>\\n\n\n<p>Du hast eine Aufh\\u00e4ngeschiene?<br \\\/>Dann befestige ich Dir die Haken gerne am Rahmen. Nimm einfach telefonisch oder per E-mail Kontakt auf und wir gehen auf deine W\\u00fcnsche ein.<\\\/p>\",\"link\":\"#aufhaengung\",\"link_text\":\"Weitere Informationen\"}},{\"type\":\"panel-slider_item\",\"props\":{\"title\":\"Du bist schon Sammler?\",\"content\":\"\n\n<p>Wenn Du schon zwei meiner Werke erworben hast, dann bekommst Du 10 % Preisnachlass auf jedes meiner Werke und Du hast die M\\u00f6glichkeit, als Erste*r einen <br \\\/>Blick auf neue Bilder von mir zu werfen.<\\\/p>\"}},{\"type\":\"panel-slider_item\",\"props\":{\"title\":\"Echtheitszertifikat\",\"content\":\"\n\n<p>Da Dein Bild nur einmal existiert und es eine ganz besondere Botschaft f\\u00fcr Dich bereit h\\u00e4lt, bekommt jedes Werk von mir ein Echtheitszertifikat, welches ich Dir gerne beilege.<\\\/p>\"}}]}]}]}]},{\"type\":\"section\",\"props\":{\"style\":\"default\",\"width\":\"default\",\"vertical_align\":\"middle\",\"title_position\":\"top-left\",\"title_rotation\":\"left\",\"title_breakpoint\":\"xl\",\"image_position\":\"center-center\"},\"children\":[{\"type\":\"row\",\"children\":[{\"type\":\"column\",\"props\":{\"position_sticky_breakpoint\":\"m\",\"image_position\":\"center-center\",\"media_overlay_gradient\":\"\"},\"children\":[]}]}]},{\"type\":\"section\",\"props\":{\"style\":\"default\",\"width\":\"default\",\"vertical_align\":\"middle\",\"title_position\":\"top-left\",\"title_rotation\":\"left\",\"title_breakpoint\":\"xl\",\"image_position\":\"center-center\",\"image\":\"wp-content\\\/uploads\\\/2022\\\/07\\\/Mockup_Parks_3.jpg\",\"image_size\":\"cover\",\"image_effect\":\"parallax\",\"image_parallax_bgy_start\":\"340\",\"image_parallax_bgy_end\":\"70\",\"padding\":\"xlarge\",\"image_parallax_easing\":\"0.4\"},\"children\":[{\"type\":\"row\",\"children\":[{\"type\":\"column\",\"props\":{\"position_sticky_breakpoint\":\"m\",\"image_position\":\"center-center\",\"media_overlay_gradient\":\"\"},\"children\":[]}]}],\"name\":\"Scrollbares Bild als Hintergrund\"},{\"type\":\"section\",\"props\":{\"style\":\"default\",\"width\":\"default\",\"vertical_align\":\"middle\",\"title_position\":\"top-left\",\"title_rotation\":\"left\",\"title_breakpoint\":\"xl\",\"image_position\":\"center-center\",\"padding\":\"large\",\"animation\":\"slide-bottom-medium\",\"animation_delay\":\"300\",\"class\":\"\",\"id\":\"aufhaengung\",\"padding_remove_bottom\":false},\"children\":[{\"type\":\"row\",\"children\":[{\"type\":\"column\",\"props\":{\"position_sticky_breakpoint\":\"m\",\"image_position\":\"center-center\",\"media_overlay_gradient\":\"\"},\"children\":[{\"type\":\"headline\",\"props\":{\"title_element\":\"h2\",\"title_style\":\"h1\",\"content\":\"\n\n<p>Aufh\\u00e4ngung<\\\/p>\",\"animation\":\"slide-bottom-medium\"}},{\"type\":\"divider\",\"props\":{\"divider_element\":\"hr\",\"divider_style\":\"small\",\"divider_align\":\"left\",\"position_left\":\"-40\",\"animation\":\"slide-bottom-medium\"}},{\"type\":\"text\",\"props\":{\"margin\":\"default\",\"column_breakpoint\":\"m\",\"content\":\"\n\n<p>Da ich meine Werke bereits vor dem Versenden auf das Anbringen an Deiner Wand vorbereite, wirst Du keine Schwierigkeiten damit haben. Es ist lediglich wichtig, passendes Werkzeug zur Hand zu haben und den Ablauf zu planen, damit es Dir leichter f\\u00e4llt.<\\\/p>\",\"animation\":\"slide-bottom-medium\"}}]}]},{\"type\":\"row\",\"children\":[{\"type\":\"column\",\"props\":{\"position_sticky_breakpoint\":\"m\",\"image_position\":\"center-center\",\"media_overlay_gradient\":\"\"},\"children\":[]}]},{\"type\":\"row\",\"props\":{\"layout\":\"1-2,1-2\",\"width\":\"default\"},\"children\":[{\"type\":\"column\",\"props\":{\"position_sticky_breakpoint\":\"m\",\"image_position\":\"center-center\",\"media_overlay_gradient\":\"\",\"width_medium\":\"1-2\"},\"children\":[{\"type\":\"panel\",\"props\":{\"link_text\":\"Read more\",\"title_hover_style\":\"reset\",\"title_element\":\"h3\",\"title_align\":\"top\",\"title_grid_width\":\"1-2\",\"title_grid_breakpoint\":\"m\",\"meta_style\":\"meta\",\"meta_align\":\"below-title\",\"meta_element\":\"div\",\"content_column_breakpoint\":\"m\",\"icon_width\":80,\"image_align\":\"top\",\"image_grid_width\":\"1-2\",\"image_grid_breakpoint\":\"m\",\"image_svg_color\":\"emphasis\",\"link_style\":\"default\",\"margin\":\"default\",\"title\":\"Werkzeug\",\"content\":\"\n\n<div class=\\\"uk-panel uk-margin\\\" data-id=\\\"page#6-0-0-1\\\">\\n\n\n<h5><strong>Basics<br \\\/><\\\/strong><\\\/h5>\\n\n\n<ul>\\n\n\n<li>einen Bleistift<\\\/li>\\n\n\n<li>eine Wasserwaage<\\\/li>\\n\n\n<li>Wenn du keine Wasserwaage zur Hand hast: die meisten Smartphones haben eine Wasserwaagenfunktion. Zusammen mit einem langen Lineal kannst du die zwei Befestigungspunkte dann waagerecht ausrichten.Du l\\u00e4sst Dir dann am besten von einer dritten Hand helfen.<\\\/li>\\n<\\\/ul>\\n\n\n<h5>Bei leichten Bildern<\\\/h5>\\n\n\n<ul>\\n\n\n<li>einen Hammer<\\\/li>\\n\n\n<li>N\\u00e4gel<\\\/li>\\n<\\\/ul>\\n\n\n<h5><strong>Bei schweren Bildern<\\\/strong><\\\/h5>\\n\n\n<ul>\\n\n\n<li>eine Bohrmaschine<\\\/li>\\n\n\n<li>Schrauben und passende D\\u00fcbel<\\\/li>\\n\n\n<li>einen Bohrer passend zum Untergrundmaterial<\\\/li>\\n\n\n<li>bestenfalls einen Staubsauger<\\\/li>\\n<\\\/ul>\\n<\\\/div>\",\"panel_style\":\"card-secondary\",\"panel_padding\":\"default\",\"title_style\":\"h3\"}}]},{\"type\":\"column\",\"props\":{\"position_sticky_breakpoint\":\"m\",\"image_position\":\"center-center\",\"media_overlay_gradient\":\"\",\"width_medium\":\"1-2\",\"vertical_align\":\"middle\"},\"children\":[{\"type\":\"panel\",\"props\":{\"link_text\":\"Noch Fragen?\",\"title_hover_style\":\"reset\",\"title_element\":\"h3\",\"title_align\":\"top\",\"title_grid_width\":\"1-2\",\"title_grid_breakpoint\":\"m\",\"meta_style\":\"meta\",\"meta_align\":\"below-title\",\"meta_element\":\"div\",\"content_column_breakpoint\":\"m\",\"icon_width\":80,\"image_align\":\"top\",\"image_grid_width\":\"1-2\",\"image_grid_breakpoint\":\"m\",\"image_svg_color\":\"emphasis\",\"link_style\":\"primary\",\"margin\":\"default\",\"title\":\"Vorbereitungen\",\"content\":\"\n\n<h5>Ein paar Kleinigkeiten vorab<\\\/h5>\\n\n\n<ul>\\n\n\n<li>W\\u00e4hle den Platz an der Wand f\\u00fcr Dein Bild.<\\\/li>\\n\n\n<li>Bestimme, wo die Oberkante des Bildes sein soll und zeichne sie mit dem Bleistift leicht an.<\\\/li>\\n\n\n<li>Stelle das Bild beiseite an einen gesch\\u00fctzten Ort<\\\/li>\\n\n\n<li>Miss nun ab: Die Befestigungspunkte liegen in Rahmenst\\u00e4rke unterhalb der Oberkante Deines Bildes.<\\\/li>\\n\n\n<li>Markiere die zwei oder drei Punkte an der Wand<\\\/li>\\n<\\\/ul>\\n\n\n<p>Und dann gehts los! \ud83d\ude42<strong><\\\/strong><\\\/p>\",\"panel_style\":\"tile-secondary\",\"panel_padding\":\"default\",\"title_style\":\"h3\",\"link\":\"farbenfreude\\\/kontakt\\\/\"}}]}]}],\"name\":\"Textabschnitt unter scrollbarem Bild\"}],\"version\":\"2.7.22\"} --><\/p>\n","protected":false},"excerpt":{"rendered":"<p>Du interessierst Dich f\u00fcr ein Kunstwerk? Erst Testen, dann kaufen Gern komme ich auch bei dir vorbei, wenn Du nicht weiter als 100 km von mir entfernt wohnst. Dann k\u00f6nnen [&hellip;]<\/p>\n","protected":false},"author":1,"featured_media":0,"parent":0,"menu_order":0,"comment_status":"closed","ping_status":"closed","template":"","meta":{"footnotes":""},"class_list":["post-24","page","type-page","status-publish","hentry"],"_links":{"self":[{"href":"https:\/\/farbenfreude.freigeistdesign.com\/farbenfreude\/wp-json\/wp\/v2\/pages\/24","targetHints":{"allow":["GET"]}}],"collection":[{"href":"https:\/\/farbenfreude.freigeistdesign.com\/farbenfreude\/wp-json\/wp\/v2\/pages"}],"about":[{"href":"https:\/\/farbenfreude.freigeistdesign.com\/farbenfreude\/wp-json\/wp\/v2\/types\/page"}],"author":[{"embeddable":true,"href":"https:\/\/farbenfreude.freigeistdesign.com\/farbenfreude\/wp-json\/wp\/v2\/users\/1"}],"replies":[{"embeddable":true,"href":"https:\/\/farbenfreude.freigeistdesign.com\/farbenfreude\/wp-json\/wp\/v2\/comments?post=24"}],"version-history":[{"count":55,"href":"https:\/\/farbenfreude.freigeistdesign.com\/farbenfreude\/wp-json\/wp\/v2\/pages\/24\/revisions"}],"predecessor-version":[{"id":1267,"href":"https:\/\/farbenfreude.freigeistdesign.com\/farbenfreude\/wp-json\/wp\/v2\/pages\/24\/revisions\/1267"}],"wp:attachment":[{"href":"https:\/\/farbenfreude.freigeistdesign.com\/farbenfreude\/wp-json\/wp\/v2\/media?parent=24"}],"curies":[{"name":"wp","href":"https:\/\/api.w.org\/{rel}","templated":true}]}}